{"id":1473,"date":"2019-05-23T09:45:43","date_gmt":"2019-05-23T07:45:43","guid":{"rendered":"http:\/\/hannestadterrasse.no.datasenter.no\/info\/?page_id=1473"},"modified":"2025-02-07T13:03:31","modified_gmt":"2025-02-07T12:03:31","slug":"vipps","status":"publish","type":"page","link":"https:\/\/hannestadterrasse.no\/?page_id=1473","title":{"rendered":"Vipps"},"content":{"rendered":"<div data-colibri-id=\"1473-c1\" class=\"style-318 style-local-1473-c1 position-relative\">\n  <!---->\n  <div data-colibri-component=\"section\" data-colibri-id=\"1473-c2\" id=\"custom\" class=\"h-section h-section-global-spacing d-flex align-items-lg-center align-items-md-center align-items-center style-323 style-local-1473-c2 position-relative\">\n    <!---->\n    <!---->\n    <div class=\"h-section-grid-container h-section-boxed-container\">\n      <!---->\n      <div data-colibri-id=\"1473-c3\" class=\"h-row-container gutters-row-lg-2 gutters-row-md-2 gutters-row-0 gutters-row-v-lg-2 gutters-row-v-md-2 gutters-row-v-2 style-324 style-local-1473-c3 position-relative\">\n        <!---->\n        <div class=\"h-row justify-content-lg-center justify-content-md-center justify-content-center align-items-lg-stretch align-items-md-stretch align-items-stretch gutters-col-lg-2 gutters-col-md-2 gutters-col-0 gutters-col-v-lg-2 gutters-col-v-md-2 gutters-col-v-2\">\n          <!---->\n          <div class=\"h-column h-column-container d-flex h-col-lg-auto h-col-md-auto h-col-auto style-325-outer style-local-1473-c4-outer\">\n            <div data-colibri-id=\"1473-c4\" class=\"d-flex h-flex-basis h-column__inner h-px-lg-2 h-px-md-2 h-px-2 v-inner-lg-2 v-inner-md-2 v-inner-2 style-325 style-local-1473-c4 position-relative\">\n              <!---->\n              <!---->\n              <div class=\"w-100 h-y-container h-column__content h-column__v-align flex-basis-100 align-self-lg-start align-self-md-start align-self-start\">\n                <!---->\n                <div data-colibri-id=\"1473-c5\" class=\"d-block style-328 style-local-1473-c5 position-relative h-element\">\n                  <!---->\n                  <div class=\"h-image__frame-container-outer\">\n                    <div class=\"h-image__frame-container\">\n                      <!---->\n                      <!---->\n                      <img loading=\"lazy\" decoding=\"async\" width=\"720\" height=\"400\" src=\"http:\/\/hannestadterrasse.no.datasenter.no\/info\/wp-content\/uploads\/2019\/05\/cropped-vippsnr.jpg\" class=\"wp-image-2842 style-328-image style-local-1473-c5-image\" alt=\"\" srcset=\"https:\/\/hannestadterrasse.no\/wp-content\/uploads\/2019\/05\/cropped-vippsnr.jpg 720w, https:\/\/hannestadterrasse.no\/wp-content\/uploads\/2019\/05\/cropped-vippsnr-300x167.jpg 300w\" sizes=\"(max-width: 720px) 100vw, 720px\" \/>\n                      <div class=\"h-image__frame h-hide-lg h-hide-md h-hide-sm style-328-frameImage style-local-1473-c5-frameImage\"><\/div>\n                    <\/div>\n                  <\/div>\n                <\/div>\n              <\/div>\n            <\/div>\n          <\/div>\n        <\/div>\n      <\/div>\n      <div data-colibri-id=\"1473-c6\" class=\"h-row-container gutters-row-lg-2 gutters-row-md-2 gutters-row-0 gutters-row-v-lg-2 gutters-row-v-md-2 gutters-row-v-2 style-326 style-local-1473-c6 position-relative\">\n        <!---->\n        <div class=\"h-row justify-content-lg-center justify-content-md-center justify-content-center align-items-lg-stretch align-items-md-stretch align-items-stretch gutters-col-lg-2 gutters-col-md-2 gutters-col-0 gutters-col-v-lg-2 gutters-col-v-md-2 gutters-col-v-2\">\n          <!---->\n          <div class=\"h-column h-column-container d-flex h-col-lg-auto h-col-md-auto h-col-auto style-327-outer style-local-1473-c7-outer\">\n            <div data-colibri-id=\"1473-c7\" class=\"d-flex h-flex-basis h-column__inner h-px-lg-2 h-px-md-2 h-px-2 v-inner-lg-2 v-inner-md-2 v-inner-2 style-327 style-local-1473-c7 position-relative\">\n              <!---->\n              <!---->\n              <div class=\"w-100 h-y-container h-column__content h-column__v-align flex-basis-100 align-self-lg-center align-self-md-center align-self-center\">\n                <!---->\n                <div data-colibri-id=\"1473-c8\" class=\"d-block style-329 style-local-1473-c8 position-relative h-element\">\n                  <!---->\n                  <div class=\"h-image__frame-container-outer\">\n                    <div class=\"h-image__frame-container\">\n                      <!---->\n                      <!---->\n                      <img loading=\"lazy\" decoding=\"async\" width=\"443\" height=\"443\" src=\"http:\/\/hannestadterrasse.no.datasenter.no\/info\/wp-content\/uploads\/2019\/07\/cropped-vipps.jpg\" class=\"wp-image-2843 style-329-image style-local-1473-c8-image\" alt=\"\" srcset=\"https:\/\/hannestadterrasse.no\/wp-content\/uploads\/2019\/07\/cropped-vipps.jpg 443w, https:\/\/hannestadterrasse.no\/wp-content\/uploads\/2019\/07\/cropped-vipps-150x150.jpg 150w, https:\/\/hannestadterrasse.no\/wp-content\/uploads\/2019\/07\/cropped-vipps-300x300.jpg 300w, https:\/\/hannestadterrasse.no\/wp-content\/uploads\/2019\/07\/cropped-vipps-200x200.jpg 200w\" sizes=\"(max-width: 443px) 100vw, 443px\" \/>\n                      <div class=\"h-image__frame h-hide-lg h-hide-md h-hide-sm style-329-frameImage style-local-1473-c8-frameImage\"><\/div>\n                    <\/div>\n                  <\/div>\n                <\/div>\n              <\/div>\n            <\/div>\n          <\/div>\n        <\/div>\n      <\/div>\n    <\/div>\n  <\/div>\n  <div data-colibri-component=\"section\" data-colibri-id=\"1473-c9\" id=\"custom-2\" class=\"h-section h-section-global-spacing d-flex align-items-lg-center align-items-md-center align-items-center style-723 style-local-1473-c9 position-relative\">\n    <!---->\n    <!---->\n    <div class=\"h-separator\" style=\"height: 100px; bottom: calc(0px);\">\n      <svg style=\"fill:rgb(2, 82, 149);\" xmlns=\"http:\/\/www.w3.org\/2000\/svg\" viewBox=\"0 0 1000 100\" preserveAspectRatio=\"none\">\n        <path class=\"svg-white-bg\" d=\"M737.9,94.7L0,0v100h1000V0L737.9,94.7z\"><\/path>\n      <\/svg>\n    <\/div>\n    <div class=\"h-section-grid-container h-section-boxed-container\">\n      <!---->\n      <div data-colibri-id=\"1473-c10\" class=\"h-row-container gutters-row-lg-2 gutters-row-md-2 gutters-row-0 gutters-row-v-lg-2 gutters-row-v-md-2 gutters-row-v-2 style-724 style-local-1473-c10 position-relative\">\n        <!---->\n        <div class=\"h-row justify-content-lg-center justify-content-md-center justify-content-center align-items-lg-stretch align-items-md-stretch align-items-stretch gutters-col-lg-2 gutters-col-md-2 gutters-col-0 gutters-col-v-lg-2 gutters-col-v-md-2 gutters-col-v-2\">\n          <!---->\n          <div class=\"h-column h-column-container d-flex h-col-lg-auto h-col-md-auto h-col-auto style-725-outer style-local-1473-c11-outer\">\n            <div data-colibri-id=\"1473-c11\" class=\"d-flex h-flex-basis h-column__inner h-ui-empty-state-container h-px-lg-2 h-px-md-2 h-px-2 v-inner-lg-2 v-inner-md-2 v-inner-2 style-725 style-local-1473-c11 position-relative\">\n              <!---->\n              <!---->\n              <div class=\"w-100 h-y-container h-column__content h-column__v-align flex-basis-100\">\n                <!---->\n              <\/div>\n            <\/div>\n          <\/div>\n          <div class=\"h-column h-column-container d-flex h-col-lg-auto h-col-md-auto h-col-auto style-726-outer style-local-1473-c12-outer\">\n            <div data-colibri-id=\"1473-c12\" class=\"d-flex h-flex-basis h-column__inner h-px-lg-2 h-px-md-2 h-px-2 v-inner-lg-2 v-inner-md-2 v-inner-2 style-726 style-local-1473-c12 position-relative\">\n              <!---->\n              <!---->\n              <div class=\"w-100 h-y-container h-column__content h-column__v-align flex-basis-100 align-self-lg-start align-self-md-start align-self-start\">\n                <!---->\n                <div data-colibri-id=\"1473-c13\" class=\"h-text h-text-component style-728 style-local-1473-c13 position-relative h-element\">\n                  <!---->\n                  <!---->\n                  <div class=\"\">\n                    <h4><strong style=\"color: rgb(153, 153, 153); font-weight: 700; font-family: &quot;Playfair Display&quot;;\">Har du ikke Vipps, kan du betale med kort.<\/strong><\/h4>\n                    <p>Bruk f\u00f8lgende lenke:<\/p>\n                    <p>\n                      <a href=\"https:\/\/www.obos.no\/bank\/betal-til-boligselskap?p=N4IgxgkgJiBcIE4CsBmJAWAbAdmSANOAIYAucATIQA5wgByAHwNZMCmANgSEXAHYCu7doQC2tEgHsATiIlQAAgAsivXqwDOJIlBKspUouvWsAdLwkgAvkA\" target=\"_blank\" class=\"customize-unpreviewable\" draggable=\"false\" rel=\"noopener\">Kj\u00f8p systemn\u00f8kkel&nbsp;&nbsp;kr 500,-<\/a>\n                    <\/p>\n                    <p>\n                      <a href=\"https:\/\/www.obos.no\/bank\/betal-til-boligselskap?p=N4IgxgkgJiBcIE4CsBmJAWAbAdmSANOAIYAucATIQA5wgAKA9gE4kCnVAdgKZMEhFwAjEgAMIwgFtaJZhIZQAAgAsiHbgGcSRKCR5Mi69VwB0HBiAC%2BQA\" target=\"_blank\" class=\"customize-unpreviewable\" draggable=\"false\" rel=\"noopener\">Kj\u00f8p port\u00e5pner&nbsp;&nbsp;kr 1500,-<\/a>\n                    <\/p>\n                    <p><span target=\"_blank\">\ufeff<\/span><\/p>\n                    <p>\n                      <br>\n                    <\/p>\n                  <\/div>\n                <\/div>\n              <\/div>\n            <\/div>\n          <\/div>\n          <div class=\"h-column h-column-container d-flex h-col-lg-auto h-col-md-auto h-col-auto style-727-outer style-local-1473-c14-outer\">\n            <div data-colibri-id=\"1473-c14\" class=\"d-flex h-flex-basis h-column__inner h-ui-empty-state-container h-px-lg-2 h-px-md-2 h-px-2 v-inner-lg-2 v-inner-md-2 v-inner-2 style-727 style-local-1473-c14 position-relative\">\n              <!---->\n              <!---->\n              <div class=\"w-100 h-y-container h-column__content h-column__v-align flex-basis-100\">\n                <!---->\n              <\/div>\n            <\/div>\n          <\/div>\n        <\/div>\n      <\/div>\n    <\/div>\n  <\/div>\n<\/div>","protected":false},"excerpt":{"rendered":"<p>Har du ikke Vipps, kan du betale med kort. Bruk f\u00f8lgende lenke: Kj\u00f8p systemn\u00f8kkel&nbsp;&nbsp;kr 500,- Kj\u00f8p port\u00e5pner&nbsp;&nbsp;kr 1500,- \ufeff<\/p>\n","protected":false},"author":1,"featured_media":0,"parent":0,"menu_order":7,"comment_status":"closed","ping_status":"closed","template":"page-templates\/full-width-page.php","meta":{"ngg_post_thumbnail":0,"jetpack_post_was_ever_published":false,"footnotes":""},"jetpack_sharing_enabled":true,"jetpack_shortlink":"https:\/\/wp.me\/PcD7gH-nL","_links":{"self":[{"href":"https:\/\/hannestadterrasse.no\/index.php?rest_route=\/wp\/v2\/pages\/1473"}],"collection":[{"href":"https:\/\/hannestadterrasse.no\/index.php?rest_route=\/wp\/v2\/pages"}],"about":[{"href":"https:\/\/hannestadterrasse.no\/index.php?rest_route=\/wp\/v2\/types\/page"}],"author":[{"embeddable":true,"href":"https:\/\/hannestadterrasse.no\/index.php?rest_route=\/wp\/v2\/users\/1"}],"replies":[{"embeddable":true,"href":"https:\/\/hannestadterrasse.no\/index.php?rest_route=%2Fwp%2Fv2%2Fcomments&post=1473"}],"version-history":[{"count":20,"href":"https:\/\/hannestadterrasse.no\/index.php?rest_route=\/wp\/v2\/pages\/1473\/revisions"}],"predecessor-version":[{"id":11040,"href":"https:\/\/hannestadterrasse.no\/index.php?rest_route=\/wp\/v2\/pages\/1473\/revisions\/11040"}],"wp:attachment":[{"href":"https:\/\/hannestadterrasse.no\/index.php?rest_route=%2Fwp%2Fv2%2Fmedia&parent=1473"}],"curies":[{"name":"wp","href":"https:\/\/api.w.org\/{rel}","templated":true}]}}