{"id":151,"date":"2014-08-14T14:54:38","date_gmt":"2014-08-14T12:54:38","guid":{"rendered":"http:\/\/hannestadterrasse.no.datasenter.no\/info\/?page_id=151"},"modified":"2026-02-24T11:24:28","modified_gmt":"2026-02-24T10:24:28","slug":"parkering","status":"publish","type":"page","link":"https:\/\/hannestadterrasse.no\/?page_id=151","title":{"rendered":"Parkering"},"content":{"rendered":"<div data-colibri-id=\"151-c1\" class=\"style-404 style-local-151-c1 position-relative\">\n  <!---->\n  <div data-colibri-component=\"section\" data-colibri-id=\"151-c2\" id=\"custom\" class=\"h-section h-section-global-spacing d-flex align-items-lg-center align-items-md-center align-items-center style-436 style-local-151-c2 position-relative\">\n    <!---->\n    <!---->\n    <div class=\"h-separator\" style=\"height: 100px; bottom: calc(0px);\">\n      <svg style=\"fill:rgb(2, 82, 149);\" xmlns=\"http:\/\/www.w3.org\/2000\/svg\" viewBox=\"0 0 1000 100\" preserveAspectRatio=\"none\">\n        <path class=\"svg-white-bg\" d=\"M737.9,94.7L0,0v100h1000V0L737.9,94.7z\"><\/path>\n      <\/svg>\n    <\/div>\n    <div class=\"h-section-grid-container h-section-boxed-container\">\n      <!---->\n      <div data-colibri-id=\"151-c3\" class=\"h-row-container gutters-row-lg-2 gutters-row-md-2 gutters-row-0 gutters-row-v-lg-2 gutters-row-v-md-2 gutters-row-v-2 style-437 style-local-151-c3 position-relative\">\n        <!---->\n        <div class=\"h-row justify-content-lg-center justify-content-md-center justify-content-center align-items-lg-stretch align-items-md-stretch align-items-stretch gutters-col-lg-2 gutters-col-md-2 gutters-col-0 gutters-col-v-lg-2 gutters-col-v-md-2 gutters-col-v-2\">\n          <!---->\n          <div class=\"h-column h-column-container d-flex h-col-lg-auto h-col-md-auto h-col-auto style-438-outer style-local-151-c4-outer\">\n            <div data-colibri-id=\"151-c4\" class=\"d-flex h-flex-basis h-column__inner h-px-lg-2 h-px-md-2 h-px-2 v-inner-lg-2 v-inner-md-2 v-inner-2 style-438 style-local-151-c4 position-relative\">\n              <!---->\n              <!---->\n              <div class=\"w-100 h-y-container h-column__content h-column__v-align flex-basis-100 align-self-lg-start align-self-md-start align-self-start\">\n                <!---->\n                <div data-colibri-id=\"151-c5\" class=\"h-text h-text-component style-439 style-local-151-c5 position-relative h-element\">\n                  <!---->\n                  <!---->\n                  <div class=\"\">\n                    <p>Til hver boenhet h\u00f8rer det en parkeringsplass i garasjen, merket med oppgang og leilighetsnummer. Denne plassen m\u00e5 betales for, selv om man ikke har bil. Parkeringsplassen koster 300 kroner per m\u00e5ned og innkreves sammen med felleskostnadene.\n                      Hvis man har flere biler, m\u00e5 man selv ordne plass til de resterende bilene (ta kontakt med daglig leder). Beboere skal ikke bruke gjesteparkeringsplassene.<\/p>\n                    <p>I garasjen i den \u00f8vre blokkraden er det for f\u00e5 parkeringsplasser i forhold til antall boenheter. Dette skyldes at dette omr\u00e5det inneholder et tilfluktsrom som tar opp en stor del av den tilgjengelige plassen. De to boenhetene som ikke\n                      har plass i det \u00f8vre garasjeanlegget har parkeringsplass i det nedre garasjeanlegget. I nedre garasjeanlegg er det ca. 30 ekstra parkeringsplasser, som blir leid ut av borettslaget ved behov.<\/p>\n                    <p>Hvis man ikke har bil, kan man leie ut parkeringsplassen som f\u00f8lger med enheten (fremleie). Man m\u00e5 ordne oppgj\u00f8ret selv. Parkeringsplasser som tilh\u00f8rer borettslaget er merket med en &laquo;B&raquo; og skal kun brukes etter avtale.<\/p>\n                    <p>Det er mulig \u00e5 leie parkeringsplass for mopeder\/motorsykler i det nedre garasjeanlegget. M\u00e5nedlig leie for dette koster 125 kroner, og betales sammen med felleskostnadene.<\/p>\n                    <p>Garasjeportene er tidsstyrt og stenger automatisk kl. 21.00 og \u00e5pnes kl. 06.00. De kan \u00e5pnes med n\u00f8kkel (samme n\u00f8kkel som garasjed\u00f8rene), fjernkontroll eller mobiltelefon. Fjernkontroll og mobil\u00e5pning kan ordnes gjennom daglig leder.\n                      Hvis man opplever feil ved garasjeportene, b\u00f8r man kontakte daglig leder.<\/p>\n                    <p>Parkering foran blokkene er ikke tillatt, bortsett fra ved n\u00f8dvendig av- og p\u00e5lasting, begrenset til 15 minutter. Ved overtredelse kan man bli ilagt en kontrollavgift p\u00e5 600 kroner, innkrevd fra forretningsf\u00f8rers kontor og eventuelt\n                      inkasso.<\/p>\n                    <p>\n                      <br>\n                    <\/p>\n                    <h4><span style=\"color: rgb(153, 153, 153); font-family: &quot;Playfair Display&quot;;\">Dispensasjon<\/span><\/h4>\n                    <p>Noen av dere vil i kortere eller lengre perioder ha behov for \u00e5 kunne parkere i mer enn 15 minutter foran blokkene. I s\u00e5 fall kan dere s\u00f8ke om dispensasjon. Dersom den innvilges, vil dere f\u00e5 et dispensasjonsbevis som m\u00e5 plasseres godt\n                      synlig i bilen.<strong> <\/strong><\/p>\n                    <p>Eksempel p\u00e5 hva som kan ansees som dispensasjonsgrunn :<\/p>\n                    <p>1. Bevegelseshemming (NB ! Dispensasjonsbevis fra parkeringsbestemmelsene utstedt av offentlige organer gjelder ikke p\u00e5 privat omr\u00e5de. Det m\u00e5 s\u00f8kes om egen dispensasjon fra borettslaget.)<\/p>\n                    <p>2. Flytting<\/p>\n                    <p>3. Oppussing<\/p>\n                    <p>Firmabiler (biler med firmalogo) kan parkere utenfor blokkene mens arbeidet p\u00e5g\u00e5r mandag-fredag i tidsrommet 07.00 \u2013 16.30 uten dispensasjon. Hjemmesykepleien har dispensasjon\u00ad\u00ad.<\/p>\n                    <p>Husk at kontroll\u00f8ren ikke vil ta hensyn til noe annet enn hvor lenge kj\u00f8ret\u00f8yet st\u00e5r parkert og til event. dispensasjonsbevis. Han noterer seg f\u00f8rste og andre gang han ser bilen. Hvis det er mer enn 15 minutter mellom f\u00f8rste og andre\n                      gang, skriver han ut en kontrollavgift og legger p\u00e5 ruten. Kj\u00f8ret\u00f8yet blir ogs\u00e5 fotografert som bevis.<\/p>\n                    <p>Hvis dere trenger dispensasjon \u2013 ta kontakt med daglig leder.<\/p>\n                    <p>Veiene m\u00e5 aldri blokkeres. Det kan v\u00e6re kritisk hvis ambulanse, brannbil eller lignende skal frem. Foran hver blokkrad er det en eller to snuplasser. Disse plassene skal aldri blokkeres av hensyn til ambulanser, store lastebiler og\n                      andre som har behov for snu bilen. P\u00e5 plasser merket all stans forbudt \/snuplass gjelder ikke 15 min. regelen og man ilegges kontrollavgift umiddelbart.<\/p>\n                    <p>Gjesteparkeringen er reservert for bes\u00f8kende. Beboere kan ikke parkere sine biler her i mer enn en time. Dersom dette ikke blir overholdt, vil det f\u00f8rst bli gitt en advarsel, deretter vil det bli ilagt en kontrollavgift.<\/p>\n                    <p>Kj\u00f8ring foran blokkene skal ikke forekomme hvis det ikke er helt n\u00f8dvendig. N\u00e5r man m\u00e5 kj\u00f8re inn foran blokkene skal man ta hensyn til at det ferdes barn i omr\u00e5det og holde lav fart. H\u00f8yeste tillatte hastighet p\u00e5 lagets veier er 20\n                      km i timen.<\/p>\n                    <p>&nbsp;<\/p>\n                    <h4><span style=\"color: rgb(153, 153, 153); font-family: &quot;Playfair Display&quot;;\">Vaskeplass<\/span><\/h4>\n                    <p>Ved garasjeporten til nedre blokkrad er det en plass til bilvask. Der finner du en vannslange og str\u00f8mtilgang, slik at du kan st\u00f8vsuge bilen din. De f\u00f8rste plassene p\u00e5 h\u00f8yre side innenfor porten er reservert for st\u00f8vsuging og andre\n                      mindre st\u00f8yende oppgaver.<\/p>\n                    <p>Av hensyn til beboere over denne plassen, er det viktig \u00e5 ikke la bilen g\u00e5 p\u00e5 tomgang (eksos stiger rett opp til terrassene over plassen og inn i vinduene) eller utf\u00f8re st\u00f8yende reparasjoner her.<\/p>\n                    <p>&nbsp;<\/p>\n                    <h4><span style=\"color: rgb(153, 153, 153); font-family: &quot;Playfair Display&quot;;\">Intern TV-anlegg (overv\u00e5king av garasjeanlegg)<\/span><\/h4>\n                    <p>Hvis det skjer h\u00e6rverk, tyveri eller lignende i garasjen, b\u00f8r beboerne rapportere det til daglig leder eller styreleder s\u00e5 snart som mulig. Dette gj\u00f8r det mulig for oss \u00e5 unders\u00f8ke opptakene for \u00e5 finne ut hva som har skjedd.<\/p>\n                    <p>&nbsp;<\/p>\n                    <h4><span style=\"color: rgb(153, 153, 153); font-family: &quot;Playfair Display&quot;;\">Rom for oppbevaring av dekk<\/span><\/h4>\n                    <p>Alle kan lagre dekkene sine i ett eget rom innerst i nedre garasjeanlegg. (Rom med store tred\u00f8rer.) Garasjen\u00f8kkelen brukes til \u00e5 l\u00e5se opp denne d\u00f8ren. HUSK \u00e5 merke dekkene dine med navn og leilighetsnummer. All lagring skjer p\u00e5 eget\n                      ansvar.<\/p>\n                    <p><strong>&nbsp;<\/strong><\/p>\n                    <h4><span style=\"font-family: &quot;Playfair Display&quot;; color: rgb(153, 153, 153);\">Port\u00e5pnere<\/span><\/h4>\n                    <p>Borettslaget selger port\u00e5pnere til garasjeanlegget til en pris p\u00e5 1500 kr (prisen kan variere basert p\u00e5 innkj\u00f8pskostnader).&nbsp;Hvis man senere ikke \u00f8nsker \u00e5 beholde port\u00e5pneren kan man f\u00e5 tilbake pengene fra borettslaget. For \u00e5 f\u00e5\n                      refundert sitt utlegg m\u00e5 kvittering fremvises.&nbsp;Hvis en port\u00e5pner blir \u00f8delagt refunderes ikke depositumet. Defekte port\u00e5pnere skal alltid returneres slik a depositum kan nullstilles.<\/p>\n                    <p>Du kan ogs\u00e5 \u00e5pne garasjeporten med mobiltelefonen. Denne tjenesten er gratis, men krever at du registrerer mobilnummeret ditt hos daglig leder. Etter registreringen kan du velge om du vil \u00e5pne porten ved \u00e5 ringe et eget telefonnummer\n                      eller ved \u00e5 bruke CyberKEY-appen.<\/p>\n                    <p><strong style=\"font-weight: 700; font-size: 16px; font-family: &quot;Open Sans&quot;; color: rgb(153, 153, 153);\">\u00c5pne med oppringning:<\/strong>\n                      <br><span style=\"font-weight: 400; font-size: 16px; font-family: &quot;Open Sans&quot;; color: rgb(153, 153, 153);\">Etter registrering f\u00e5r du oppgitt nummeret du skal ringe.<\/span><\/p>\n                    <p><strong style=\"font-weight: 700;\">\u00c5pne med app:<\/strong>\n                      <br>Last ned\n                      <a href=\"https:\/\/php.sendit.no\/php\/Index.html\" target=\"_blank\" class=\"customize-unpreviewable\" rel=\"noopener\">CyberKEY-appen her.<\/a>\n                    <\/p>\n                    <p>\n                      <br>\n                    <\/p>\n                    <p>\n                      <br>\n                    <\/p>\n                  <\/div>\n                <\/div>\n              <\/div>\n            <\/div>\n          <\/div>\n        <\/div>\n      <\/div>\n    <\/div>\n  <\/div>\n<\/div>","protected":false},"excerpt":{"rendered":"<p>Til hver boenhet h\u00f8rer det en parkeringsplass i garasjen, merket med oppgang og leilighetsnummer. Denne plassen m\u00e5 betales for, selv om man ikke har bil. Parkeringsplassen koster 300 kroner per m\u00e5ned og innkreves sammen med felleskostnadene. Hvis man har flere biler, m\u00e5 man selv ordne plass til de resterende bilene (ta kontakt med daglig leder). [&hellip;]<\/p>\n","protected":false},"author":1,"featured_media":0,"parent":48,"menu_order":7,"comment_status":"closed","ping_status":"closed","template":"page-templates\/full-width-page.php","meta":{"ngg_post_thumbnail":0,"jetpack_post_was_ever_published":false,"footnotes":""},"jetpack_sharing_enabled":true,"jetpack_shortlink":"https:\/\/wp.me\/PcD7gH-2r","_links":{"self":[{"href":"https:\/\/hannestadterrasse.no\/index.php?rest_route=\/wp\/v2\/pages\/151"}],"collection":[{"href":"https:\/\/hannestadterrasse.no\/index.php?rest_route=\/wp\/v2\/pages"}],"about":[{"href":"https:\/\/hannestadterrasse.no\/index.php?rest_route=\/wp\/v2\/types\/page"}],"author":[{"embeddable":true,"href":"https:\/\/hannestadterrasse.no\/index.php?rest_route=\/wp\/v2\/users\/1"}],"replies":[{"embeddable":true,"href":"https:\/\/hannestadterrasse.no\/index.php?rest_route=%2Fwp%2Fv2%2Fcomments&post=151"}],"version-history":[{"count":21,"href":"https:\/\/hannestadterrasse.no\/index.php?rest_route=\/wp\/v2\/pages\/151\/revisions"}],"predecessor-version":[{"id":11968,"href":"https:\/\/hannestadterrasse.no\/index.php?rest_route=\/wp\/v2\/pages\/151\/revisions\/11968"}],"up":[{"embeddable":true,"href":"https:\/\/hannestadterrasse.no\/index.php?rest_route=\/wp\/v2\/pages\/48"}],"wp:attachment":[{"href":"https:\/\/hannestadterrasse.no\/index.php?rest_route=%2Fwp%2Fv2%2Fmedia&parent=151"}],"curies":[{"name":"wp","href":"https:\/\/api.w.org\/{rel}","templated":true}]}}