{"id":3546,"date":"2019-10-09T09:17:23","date_gmt":"2019-10-09T07:17:23","guid":{"rendered":"http:\/\/hannestadterrasse.no.datasenter.no\/info\/?page_id=3546"},"modified":"2019-10-30T14:16:27","modified_gmt":"2019-10-30T13:16:27","slug":"varmtvann","status":"publish","type":"page","link":"https:\/\/hannestadterrasse.no\/?page_id=3546","title":{"rendered":"Varmtvann"},"content":{"rendered":"<div data-colibri-id=\"3546-c1\" class=\"style-596 style-local-3546-c1 position-relative\">\n  <!---->\n  <div data-colibri-component=\"section\" data-colibri-id=\"3546-c2\" id=\"custom\" class=\"h-section h-section-global-spacing d-flex align-items-lg-center align-items-md-center align-items-center style-597 style-local-3546-c2 position-relative\">\n    <!---->\n    <!---->\n    <div class=\"h-separator\" style=\"height: 100px; bottom: 0px;\">\n      <svg style=\"fill:rgb(13, 79, 166);\" xmlns=\"http:\/\/www.w3.org\/2000\/svg\" viewBox=\"0 0 1000 100\" preserveAspectRatio=\"none\">\n        <path class=\"svg-white-bg\" d=\"M737.9,94.7L0,0v100h1000V0L737.9,94.7z\"><\/path>\n      <\/svg>\n    <\/div>\n    <div class=\"h-section-grid-container h-section-boxed-container\">\n      <!---->\n      <div data-colibri-id=\"3546-c3\" class=\"h-row-container gutters-row-lg-2 gutters-row-md-2 gutters-row-0 gutters-row-v-lg-2 gutters-row-v-md-2 gutters-row-v-2 style-600 style-local-3546-c3 position-relative\">\n        <!---->\n        <div class=\"h-row justify-content-lg-center justify-content-md-center justify-content-center align-items-lg-stretch align-items-md-stretch align-items-stretch gutters-col-lg-2 gutters-col-md-2 gutters-col-0 gutters-col-v-lg-2 gutters-col-v-md-2 gutters-col-v-2\">\n          <!---->\n          <div class=\"h-column h-column-container d-flex h-col-lg-auto h-col-md-auto h-col-auto style-601-outer style-local-3546-c4-outer\">\n            <div data-colibri-id=\"3546-c4\" class=\"d-flex h-flex-basis h-column__inner h-px-lg-2 h-px-md-2 h-px-2 v-inner-lg-2 v-inner-md-2 v-inner-2 style-601 style-local-3546-c4 position-relative\">\n              <!---->\n              <!---->\n              <div class=\"w-100 h-y-container h-column__content h-column__v-align flex-basis-100 align-self-lg-start align-self-md-start align-self-start\">\n                <!---->\n                <div data-colibri-id=\"3546-c5\" class=\"h-text h-text-component style-602 style-local-3546-c5 position-relative h-element\">\n                  <!---->\n                  <!---->\n                  <div class=\"\">\n                    <p>Hver blokkrad har egne varmtvannstanker. Disse er plassert i egne rom i tilknytning til garasjeanlegg i kjellerne. Ett rom i hver blokkrad. Det brukes str\u00f8m til \u00e5 varme opp vannet. El-avgiften ble tidligere innkrevd fra beboerne en\n                      gang pr. \u00e5r etter avlesning av m\u00e5lere som var plassert p\u00e5 varmtvannsr\u00f8ret i hver leilighet.<\/p>\n                    <p>Disse m\u00e5lerne var gamle. Sannsynligvis n\u00e6rmet de seg 30 \u00e5r. De viste i noen tilfeller feil og de medf\u00f8rte en del lekkasjer i vannr\u00f8r. De ble derfor fjernet i 1998. \u00c5 f\u00e5 montert nye varmtvannsm\u00e5lere er en meget kostbar sak.<\/p>\n                    <p>Ekstraordin\u00e6r generalforsamling 12.11.98 vedtok at borettslaget skulle bekoste varmtvann for den enkelte beboer innev\u00e6rende \u00e5r.&nbsp;I 1999 ble ogs\u00e5 varmtvannet betalt av laget. Kostnadene til oppvarming av varmtvann bel\u00f8p seg i 1999\n                      til 233.093 kr.<\/p>\n                    <p>Generalforsamling 7.2.2000 gjorde f\u00f8lgende vedtak :<\/p>\n                    <p><em>\u201dUtgifter til varmtvann b\u00f8r beregnes etter antall personer som bor i hver enkelt leilighet. Husstanden skal rapportere antall medlemmer en gang i \u00e5ret. Dette bakes inn i felleskostnadene en gang pr. \u00e5r. De som ikke rapporterer f\u00e5r h\u00f8yeste sats.\u00bb<\/em><\/p>\n                    <p>Dette fungerer p\u00e5 f\u00f8lgende m\u00e5te : Styret tar en gang i \u00e5ret (p\u00e5 h\u00f8sten) initiativ til \u00e5 f\u00e5 registrert antall medlemmer i hver husstand. Ansl\u00e5tt forbruk blir delt p\u00e5 antall beboere og vi f\u00e5r en pris pr. hode. Prisen pr. hode blir delt\n                      p\u00e5 12 m\u00e5neder, ganget med antall personer i leiligheten og innkrevd sammen med den m\u00e5nedlige felleskostnaden.<\/p>\n                    <p><strong>Eksempel.<\/strong>&nbsp;Ansl\u00e5tt kostnad for oppvarming av varmtvann i \u00e5r 2019 er 550.000 kr.<\/p>\n                    <p>Vi registrerer at det er totalt 383 beboere i borettslaget h\u00f8sten 2018.<\/p>\n                    <p>(\u00c5rspris pr. hode er : 550.000 kr. \/ 383 beboere&nbsp;= 1436 kr.<\/p>\n                    <p>M\u00e5nedlig pris pr. hode er : 1436 kr. \/ 12 mnd. = 120 kr.)<\/p>\n                    <p>Hvis man er \u00e9n person i leiligheten skal man i eksemplet over betale 120 kr. pr. m\u00e5ned for varmtvannet i \u00e5r 2019.<\/p>\n                    <p>Hvis man er fire personer i leiligheten skal man i eksemplet over betale 120 kr.* 4 personer = 480 kr. pr. m\u00e5ned for varmtvannet i \u00e5r 2019.<\/p>\n                    <p>Husk at ansl\u00e5tt forbruk og antall beboere kan variere fra \u00e5r til \u00e5r. Derfor vil ogs\u00e5 den enkeltes varmtvannsutgifter kunne variere fra \u00e5r til \u00e5r. Men man vil ha samme m\u00e5nedlige utgift gjennom ett helt \u00e5r. Justeringer skjer fra og med\n                      januar m\u00e5ned.<\/p>\n                    <p>I tilfelle det skjer endringer i antall medlemmer i husstanden i tiden mellom slike registreringer skal det IKKE rapporteres inn. Man betaler fastsatt sats frem til neste registrering. Dette gjelder selvf\u00f8lgelig b\u00e5de dersom husstanden\n                      \u00f8kes og dersom den reduseres.<\/p>\n                    <p>Ved overlating av bruk (fremleie) og ved salg, skal forretningsf\u00f8rer justere bel\u00f8pet som skal innkreves, slik at det passer med antall medlemmer i ny husstand.<\/p>\n                    <p>Hvis en enslig person, som har betalt m\u00e5nedlig sats * 1, selger leiligheten sin til en familie p\u00e5 tre, blir de nye eierne krevd for m\u00e5nedlig sats * 3 personer, fra og med f\u00f8rste husleie.<\/p>\n                    <p>\n                      <br>\n                    <\/p>\n                  <\/div>\n                <\/div>\n              <\/div>\n            <\/div>\n          <\/div>\n        <\/div>\n      <\/div>\n    <\/div>\n  <\/div>\n<\/div>","protected":false},"excerpt":{"rendered":"<p>Hver blokkrad har egne varmtvannstanker. Disse er plassert i egne rom i tilknytning til garasjeanlegg i kjellerne. Ett rom i hver blokkrad. Det brukes str\u00f8m til \u00e5 varme opp vannet. El-avgiften ble tidligere innkrevd fra beboerne en gang pr. \u00e5r etter avlesning av m\u00e5lere som var plassert p\u00e5 varmtvannsr\u00f8ret i hver leilighet. Disse m\u00e5lerne var [&hellip;]<\/p>\n","protected":false},"author":1,"featured_media":0,"parent":0,"menu_order":0,"comment_status":"closed","ping_status":"closed","template":"page-templates\/full-width-page.php","meta":{"ngg_post_thumbnail":0,"jetpack_post_was_ever_published":false,"footnotes":""},"jetpack_sharing_enabled":true,"jetpack_shortlink":"https:\/\/wp.me\/PcD7gH-Vc","_links":{"self":[{"href":"https:\/\/hannestadterrasse.no\/index.php?rest_route=\/wp\/v2\/pages\/3546"}],"collection":[{"href":"https:\/\/hannestadterrasse.no\/index.php?rest_route=\/wp\/v2\/pages"}],"about":[{"href":"https:\/\/hannestadterrasse.no\/index.php?rest_route=\/wp\/v2\/types\/page"}],"author":[{"embeddable":true,"href":"https:\/\/hannestadterrasse.no\/index.php?rest_route=\/wp\/v2\/users\/1"}],"replies":[{"embeddable":true,"href":"https:\/\/hannestadterrasse.no\/index.php?rest_route=%2Fwp%2Fv2%2Fcomments&post=3546"}],"version-history":[{"count":5,"href":"https:\/\/hannestadterrasse.no\/index.php?rest_route=\/wp\/v2\/pages\/3546\/revisions"}],"predecessor-version":[{"id":5011,"href":"https:\/\/hannestadterrasse.no\/index.php?rest_route=\/wp\/v2\/pages\/3546\/revisions\/5011"}],"wp:attachment":[{"href":"https:\/\/hannestadterrasse.no\/index.php?rest_route=%2Fwp%2Fv2%2Fmedia&parent=3546"}],"curies":[{"name":"wp","href":"https:\/\/api.w.org\/{rel}","templated":true}]}}