{"id":3549,"date":"2019-10-09T09:17:23","date_gmt":"2019-10-09T07:17:23","guid":{"rendered":"http:\/\/hannestadterrasse.no.datasenter.no\/info\/?page_id=3549"},"modified":"2023-02-01T10:27:13","modified_gmt":"2023-02-01T09:27:13","slug":"annet","status":"publish","type":"page","link":"https:\/\/hannestadterrasse.no\/?page_id=3549","title":{"rendered":"Annet"},"content":{"rendered":"<div data-colibri-id=\"3549-c1\" class=\"style-608 style-local-3549-c1 position-relative\">\n  <!---->\n  <div data-colibri-component=\"section\" data-colibri-id=\"3549-c2\" id=\"custom\" class=\"h-section h-section-global-spacing d-flex align-items-lg-center align-items-md-center align-items-center style-615 style-local-3549-c2 position-relative\">\n    <!---->\n    <!---->\n    <div class=\"h-separator\" style=\"height: 100px; bottom: calc(0px);\">\n      <svg style=\"fill:rgb(13, 79, 166);\" xmlns=\"http:\/\/www.w3.org\/2000\/svg\" viewBox=\"0 0 1000 100\" preserveAspectRatio=\"none\">\n        <path class=\"svg-white-bg\" d=\"M737.9,94.7L0,0v100h1000V0L737.9,94.7z\"><\/path>\n      <\/svg>\n    <\/div>\n    <div class=\"h-section-grid-container h-section-boxed-container\">\n      <!---->\n      <div data-colibri-id=\"3549-c3\" class=\"h-row-container gutters-row-lg-2 gutters-row-md-2 gutters-row-0 gutters-row-v-lg-2 gutters-row-v-md-2 gutters-row-v-2 style-616 style-local-3549-c3 position-relative\">\n        <!---->\n        <div class=\"h-row justify-content-lg-center justify-content-md-center justify-content-center align-items-lg-stretch align-items-md-stretch align-items-stretch gutters-col-lg-2 gutters-col-md-2 gutters-col-0 gutters-col-v-lg-2 gutters-col-v-md-2 gutters-col-v-2\">\n          <!---->\n          <div class=\"h-column h-column-container d-flex h-col-lg-auto h-col-md-auto h-col-auto style-617-outer style-local-3549-c4-outer\">\n            <div data-colibri-id=\"3549-c4\" class=\"d-flex h-flex-basis h-column__inner h-px-lg-2 h-px-md-2 h-px-2 v-inner-lg-2 v-inner-md-2 v-inner-2 style-617 style-local-3549-c4 position-relative\">\n              <!---->\n              <!---->\n              <div class=\"w-100 h-y-container h-column__content h-column__v-align flex-basis-100 align-self-lg-start align-self-md-start align-self-start\">\n                <!---->\n                <div data-colibri-id=\"3549-c5\" class=\"h-text h-text-component style-618 style-local-3549-c5 position-relative h-element\">\n                  <!---->\n                  <!---->\n                  <div class=\"\">\n                    <h4><strong style=\"color: rgb(153, 153, 153); font-family: &quot;Playfair Display&quot;; font-weight: 600;\">Endring av navn p\u00e5 postkasse \/ calling<\/strong><\/h4>\n                    <p>All merking av postkasser\/d\u00f8rtelefoni skal utf\u00f8res av daglig leder for \u00e5 f\u00e5 et felles og ryddig oppsett.<\/p>\n                    <p>Hvis du \u00f8nsker endringer av tekst p\u00e5 d\u00f8rtelefon og postkasse kan du sende epost til\n                      <a href=\"mailto:tormod@hannestadterrasse.no\">daglig leder.<\/a>\n                    <\/p>\n                    <p>\n                      <br>\n                    <\/p>\n                    <h4><strong style=\"color: rgb(153, 153, 153); font-family: &quot;Playfair Display&quot;; font-weight: 600;\">Avtrekk \/ ventilasjon<\/strong><\/h4>\n                    <p>For \u00e5 sikre god luftkvalitet i leilighetene, brukes ventiler i yttervegger og vinduer for \u00e5 bringe inn ny luft, mens takvifter fjerner den gamle. Ventiler knyttet til luftesjaktene er ofte runde og kan finnes p\u00e5 kj\u00f8kken, bad og toalett.\n                      N\u00e5r det blir kaldt, kan det v\u00e6re fristende \u00e5 stenge ventilene, men det er viktig \u00e5 unng\u00e5 dette for \u00e5 sikre tilstrekkelig lufting.<\/p>\n                    <p>Takviften er dimensjonert for \u00e5 ventilere alle leiligheter. Hvis noen stenger sine ventiler, vil suget i leiligheter med \u00e5pne ventiler bli enda st\u00f8rre, noe som kan skape et undertrykk. I leiligheter med undertrykk vil ny luft trekkes\n                      inn gjennom hvilken som helst \u00e5pning den finner, noen ganger gjennom avl\u00f8psr\u00f8r, noe som kan resultere i en ubehagelig lukt. Derfor b\u00f8r man alltid holde vindusventilene \u00e5pne for \u00e5 sikre tilstrekkelig tilf\u00f8rsel av ny luft.<\/p>\n                    <p>\n                      <br>\n                    <\/p>\n                    <h4><span style=\"color: rgb(153, 153, 153); font-family: &quot;Playfair Display&quot;;\">Dekkrom<\/span><\/h4>\n                    <p>Innerst i nedre garasjeanlegg, har vi et rom hvor beboerne kan oppbevare dekkene sine. Rommet er avl\u00e5st og kan l\u00e5ses opp med garasjen\u00f8kkelen. All lagring her skjer p\u00e5 eget ansvar. Merk dekkene med hvilken leilighet de tilh\u00f8rer.<\/p>\n                    <p>\n                      <br>\n                    <\/p>\n                  <\/div>\n                <\/div>\n              <\/div>\n            <\/div>\n          <\/div>\n        <\/div>\n      <\/div>\n    <\/div>\n  <\/div>\n<\/div>","protected":false},"excerpt":{"rendered":"<p>Endring av navn p\u00e5 postkasse \/ calling All merking av postkasser\/d\u00f8rtelefoni skal utf\u00f8res av daglig leder for \u00e5 f\u00e5 et felles og ryddig oppsett. Hvis du \u00f8nsker endringer av tekst p\u00e5 d\u00f8rtelefon og postkasse kan du sende epost til daglig leder. Avtrekk \/ ventilasjon For \u00e5 sikre god luftkvalitet i leilighetene, brukes ventiler i yttervegger [&hellip;]<\/p>\n","protected":false},"author":1,"featured_media":0,"parent":0,"menu_order":0,"comment_status":"closed","ping_status":"closed","template":"page-templates\/full-width-page.php","meta":{"ngg_post_thumbnail":0,"jetpack_post_was_ever_published":false,"footnotes":""},"jetpack_sharing_enabled":true,"jetpack_shortlink":"https:\/\/wp.me\/PcD7gH-Vf","_links":{"self":[{"href":"https:\/\/hannestadterrasse.no\/index.php?rest_route=\/wp\/v2\/pages\/3549"}],"collection":[{"href":"https:\/\/hannestadterrasse.no\/index.php?rest_route=\/wp\/v2\/pages"}],"about":[{"href":"https:\/\/hannestadterrasse.no\/index.php?rest_route=\/wp\/v2\/types\/page"}],"author":[{"embeddable":true,"href":"https:\/\/hannestadterrasse.no\/index.php?rest_route=\/wp\/v2\/users\/1"}],"replies":[{"embeddable":true,"href":"https:\/\/hannestadterrasse.no\/index.php?rest_route=%2Fwp%2Fv2%2Fcomments&post=3549"}],"version-history":[{"count":19,"href":"https:\/\/hannestadterrasse.no\/index.php?rest_route=\/wp\/v2\/pages\/3549\/revisions"}],"predecessor-version":[{"id":9392,"href":"https:\/\/hannestadterrasse.no\/index.php?rest_route=\/wp\/v2\/pages\/3549\/revisions\/9392"}],"wp:attachment":[{"href":"https:\/\/hannestadterrasse.no\/index.php?rest_route=%2Fwp%2Fv2%2Fmedia&parent=3549"}],"curies":[{"name":"wp","href":"https:\/\/api.w.org\/{rel}","templated":true}]}}