{"id":3568,"date":"2019-10-09T10:24:46","date_gmt":"2019-10-09T08:24:46","guid":{"rendered":"http:\/\/hannestadterrasse.no.datasenter.no\/info\/?page_id=3568"},"modified":"2025-04-09T12:58:30","modified_gmt":"2025-04-09T10:58:30","slug":"soppelhandtering","status":"publish","type":"page","link":"https:\/\/hannestadterrasse.no\/?page_id=3568","title":{"rendered":"S\u00f8ppelh\u00e5ndtering"},"content":{"rendered":"<div data-colibri-id=\"3568-c1\" class=\"style-581 style-local-3568-c1 position-relative\">\n  <!---->\n  <div data-colibri-component=\"section\" data-colibri-id=\"3568-c2\" id=\"custom\" class=\"h-section h-section-global-spacing d-flex align-items-lg-center align-items-md-center align-items-center style-582 style-local-3568-c2 position-relative\">\n    <!---->\n    <!---->\n    <div class=\"h-separator\" style=\"height: 100px; bottom: calc(0px);\">\n      <svg style=\"fill:rgb(2, 82, 149);\" xmlns=\"http:\/\/www.w3.org\/2000\/svg\" viewBox=\"0 0 1000 100\" preserveAspectRatio=\"none\">\n        <path class=\"svg-white-bg\" d=\"M737.9,94.7L0,0v100h1000V0L737.9,94.7z\"><\/path>\n      <\/svg>\n    <\/div>\n    <div class=\"h-section-grid-container h-section-boxed-container\">\n      <!---->\n      <div data-colibri-id=\"3568-c3\" class=\"h-row-container gutters-row-lg-2 gutters-row-md-2 gutters-row-0 gutters-row-v-lg-2 gutters-row-v-md-2 gutters-row-v-2 style-583 style-local-3568-c3 position-relative\">\n        <!---->\n        <div class=\"h-row justify-content-lg-center justify-content-md-center justify-content-center align-items-lg-stretch align-items-md-stretch align-items-stretch gutters-col-lg-2 gutters-col-md-2 gutters-col-0 gutters-col-v-lg-2 gutters-col-v-md-2 gutters-col-v-2\">\n          <!---->\n          <div class=\"h-column h-column-container d-flex h-col-lg-auto h-col-md-auto h-col-auto style-584-outer style-local-3568-c4-outer\">\n            <div data-colibri-id=\"3568-c4\" class=\"d-flex h-flex-basis h-column__inner h-px-lg-2 h-px-md-2 h-px-2 v-inner-lg-2 v-inner-md-2 v-inner-2 style-584 style-local-3568-c4 position-relative\">\n              <!---->\n              <!---->\n              <div class=\"w-100 h-y-container h-column__content h-column__v-align flex-basis-100 align-self-lg-start align-self-md-start align-self-start\">\n                <!---->\n                <div data-colibri-id=\"3568-c5\" class=\"h-text h-text-component style-585 style-local-3568-c5 position-relative h-element\">\n                  <!---->\n                  <!---->\n                  <div class=\"\">\n                    <h3><strong style=\"font-weight: 700; color: rgb(153, 153, 153); font-family: &quot;Playfair Display&quot;;\">Plassering og henting<\/strong><\/h3>\n                    <h4><strong style=\"color: rgb(153, 153, 153); font-family: &quot;Playfair Display&quot;;\">Papir og papp<\/strong><\/h4>\n                    <p>To containere bak hver blokkrad (mellom blokkene, ved d\u00f8rer til garasjene.) T\u00f8mmes hver fjerde uke. Husk at papir og papp ikke skal v\u00e6re innpakket i plast.<\/p>\n                    <p>\n                      <br>\n                    <\/p>\n                    <h4><strong style=\"font-family: &quot;Playfair Display&quot;; color: rgb(153, 153, 153);\">Husholdningsavfall<\/strong><\/h4>\n                    <p>To containere bak hver blokkrad (mellom blokkene, ved d\u00f8rer til garasjene.)<strong> <\/strong>T\u00f8mmes hver uke.<strong> <\/strong>Husk \u00e5 pakke matavfall godt inn for \u00e5 unng\u00e5 ubehagelig lukt.<\/p>\n                    <p>\n                      <br>\n                    <\/p>\n                    <h4><strong style=\"color: rgb(153, 153, 153); font-family: &quot;Playfair Display&quot;;\">Matavfall<\/strong><\/h4>\n                    <p>Matavfall m\u00e5 n\u00e5 sorteres separat fra restavfall, og egne beholdere for matavfall er plassert p\u00e5 alle borettslagets avfallsplasser. Korrekt sortering hjemme er avgj\u00f8rende for at vi skal kunne gjenvinne mest mulig og utnytte avfallet\n                      som en ressurs. Matposer kan f\u00e5s ved \u00e5 kontakte daglig leder.<\/p>\n                    <p>\n                      <br>\n                    <\/p>\n                    <h4><span style=\"color: rgb(153, 153, 153); font-family: &quot;Playfair Display&quot;;\">Glass- og metallemballasje<\/span><\/h4>\n                    <p>Avfallsplass 1, 2 og 4 har egne containere for glassavfall.<\/p>\n                    <p>\n                      <br>\n                    <\/p>\n                    <h4><span style=\"color: rgb(153, 153, 153); font-family: &quot;Playfair Display&quot;;\">Plast<\/span><\/h4>\n                    <p>Sarpsborg kommune har per i dag ingen l\u00f8sning tilpasset borettslag av v\u00e5r st\u00f8rrelse. Problematikken er tatt opp med kommunen, og de har informert om at de planlegger \u00e5 investere i et system for automatisk sortering av plast fra restavfall\n                      i l\u00f8pet av de kommende \u00e5rene. Inntil videre skal plast kastes sammen med restavfall.<\/p>\n                    <p>\n                      <br>\n                    <\/p>\n                    <h4><strong style=\"font-family: &quot;Playfair Display&quot;; color: rgb(153, 153, 153);\">Oppbevaring<\/strong><\/h4>\n                    <p>Det f\u00f8lger en bod med til hver leilighet. Leiligheter i 3. og 2. etasje, samt noen f\u00e5 leiligheter i 1.etasje har sin bod i mellomgangene (f\u00f8rste underetasje). \u00d8vrige leiligheter har sin bod i kjellergangene.<\/p>\n                    <p>\n                      <br>\n                    <\/p>\n                    <h4><strong style=\"font-family: &quot;Playfair Display&quot;; color: rgb(153, 153, 153);\">Oppbevaring i fellesareal<\/strong><\/h4>\n                    <p>Det er ikke tillatt \u00e5 plassere ting i ganger i 1. og 2. underetasje, bortsett fra p\u00e5 merkede omr\u00e5der. Midlertidig oppbevaring m\u00e5 skje p\u00e5 terrassene eller i oppgangen under trappen etter avtale med de som er involvert i trappevask,\n                      men kun for kortere tidsperioder.<\/p>\n                    <p>\n                      <br>\n                    <\/p>\n                  <\/div>\n                <\/div>\n              <\/div>\n            <\/div>\n          <\/div>\n        <\/div>\n      <\/div>\n    <\/div>\n  <\/div>\n<\/div>","protected":false},"excerpt":{"rendered":"<p>Plassering og henting Papir og papp To containere bak hver blokkrad (mellom blokkene, ved d\u00f8rer til garasjene.) T\u00f8mmes hver fjerde uke. Husk at papir og papp ikke skal v\u00e6re innpakket i plast. Husholdningsavfall To containere bak hver blokkrad (mellom blokkene, ved d\u00f8rer til garasjene.) T\u00f8mmes hver uke. Husk \u00e5 pakke matavfall godt inn for \u00e5 [&hellip;]<\/p>\n","protected":false},"author":1,"featured_media":0,"parent":0,"menu_order":0,"comment_status":"closed","ping_status":"closed","template":"page-templates\/full-width-page.php","meta":{"ngg_post_thumbnail":0,"jetpack_post_was_ever_published":false,"footnotes":""},"jetpack_sharing_enabled":true,"jetpack_shortlink":"https:\/\/wp.me\/PcD7gH-Vy","_links":{"self":[{"href":"https:\/\/hannestadterrasse.no\/index.php?rest_route=\/wp\/v2\/pages\/3568"}],"collection":[{"href":"https:\/\/hannestadterrasse.no\/index.php?rest_route=\/wp\/v2\/pages"}],"about":[{"href":"https:\/\/hannestadterrasse.no\/index.php?rest_route=\/wp\/v2\/types\/page"}],"author":[{"embeddable":true,"href":"https:\/\/hannestadterrasse.no\/index.php?rest_route=\/wp\/v2\/users\/1"}],"replies":[{"embeddable":true,"href":"https:\/\/hannestadterrasse.no\/index.php?rest_route=%2Fwp%2Fv2%2Fcomments&post=3568"}],"version-history":[{"count":17,"href":"https:\/\/hannestadterrasse.no\/index.php?rest_route=\/wp\/v2\/pages\/3568\/revisions"}],"predecessor-version":[{"id":11157,"href":"https:\/\/hannestadterrasse.no\/index.php?rest_route=\/wp\/v2\/pages\/3568\/revisions\/11157"}],"wp:attachment":[{"href":"https:\/\/hannestadterrasse.no\/index.php?rest_route=%2Fwp%2Fv2%2Fmedia&parent=3568"}],"curies":[{"name":"wp","href":"https:\/\/api.w.org\/{rel}","templated":true}]}}