{"id":3582,"date":"2019-10-09T10:28:53","date_gmt":"2019-10-09T08:28:53","guid":{"rendered":"http:\/\/hannestadterrasse.no.datasenter.no\/info\/?page_id=3582"},"modified":"2023-02-02T08:56:11","modified_gmt":"2023-02-02T07:56:11","slug":"hva-kan-du-fa-kjopt-av-borettslaget","status":"publish","type":"page","link":"https:\/\/hannestadterrasse.no\/?page_id=3582","title":{"rendered":"Hva kan du f\u00e5 kj\u00f8pt av borettslaget"},"content":{"rendered":"<div data-colibri-id=\"3582-c1\" class=\"style-586 style-local-3582-c1 position-relative\">\n  <!---->\n  <div data-colibri-component=\"section\" data-colibri-id=\"3582-c2\" id=\"custom\" class=\"h-section h-section-global-spacing d-flex align-items-lg-center align-items-md-center align-items-center style-587 style-local-3582-c2 position-relative\">\n    <!---->\n    <!---->\n    <div class=\"h-separator\" style=\"height: 100px; bottom: calc(0px);\">\n      <svg style=\"fill:rgb(13, 79, 166);\" xmlns=\"http:\/\/www.w3.org\/2000\/svg\" viewBox=\"0 0 1000 100\" preserveAspectRatio=\"none\">\n        <path class=\"svg-white-bg\" d=\"M737.9,94.7L0,0v100h1000V0L737.9,94.7z\"><\/path>\n      <\/svg>\n    <\/div>\n    <div class=\"h-section-grid-container h-section-boxed-container\">\n      <!---->\n      <div data-colibri-id=\"3582-c3\" class=\"h-row-container gutters-row-lg-2 gutters-row-md-2 gutters-row-0 gutters-row-v-lg-2 gutters-row-v-md-2 gutters-row-v-2 style-588 style-local-3582-c3 position-relative\">\n        <!---->\n        <div class=\"h-row justify-content-lg-center justify-content-md-center justify-content-center align-items-lg-stretch align-items-md-stretch align-items-stretch gutters-col-lg-2 gutters-col-md-2 gutters-col-0 gutters-col-v-lg-2 gutters-col-v-md-2 gutters-col-v-2\">\n          <!---->\n          <div class=\"h-column h-column-container d-flex h-col-lg-auto h-col-md-auto h-col-auto style-589-outer style-local-3582-c4-outer\">\n            <div data-colibri-id=\"3582-c4\" class=\"d-flex h-flex-basis h-column__inner h-px-lg-2 h-px-md-2 h-px-2 v-inner-lg-2 v-inner-md-2 v-inner-2 style-589 style-local-3582-c4 position-relative\">\n              <!---->\n              <!---->\n              <div class=\"w-100 h-y-container h-column__content h-column__v-align flex-basis-100 align-self-lg-start align-self-md-start align-self-start\">\n                <!---->\n                <div data-colibri-id=\"3582-c5\" class=\"h-text h-text-component style-590 style-local-3582-c5 position-relative h-element\">\n                  <!---->\n                  <!---->\n                  <div class=\"\">\n                    <p>L\u00e5sekassene til utgangsd\u00f8rene kan daglig leder v\u00e6re behjelpelige med \u00e5 reparere.<\/p>\n                    <p>\n                      <br>\n                    <\/p>\n                    <p>Videre kan man f\u00e5 kj\u00f8pt f\u00f8lgende som betales med Vipps:<\/p>\n                    <h4><strong style=\"font-family: &quot;Playfair Display&quot;; color: rgb(153, 153, 153);\">Blokk\/garasjen\u00f8kkel<\/strong><\/h4>\n                    <p>kr 500,-<\/p>\n                    <p>\n                      <br>\n                    <\/p>\n                    <h4><strong style=\"font-family: &quot;Playfair Display&quot;; color: rgb(153, 153, 153);\">Leilighetsn\u00f8kler<\/strong><\/h4>\n                    <p>M\u00e5 skaffes hos l\u00e5sesmed !<\/p>\n                    <p>\n                      <br>\n                    <\/p>\n                    <h4><strong style=\"font-family: &quot;Playfair Display&quot;; color: rgb(153, 153, 153);\">Garasjeport\u00e5pner<\/strong><\/h4>\n                    <p>kr 1500,-<\/p>\n                    <p>\n                      <br>\n                    <\/p>\n                    <h4><strong style=\"font-family: &quot;Playfair Display&quot;; color: rgb(153, 153, 153);\">GSM-key til garasjene (\u00e5pne garasjeport med mobil)<\/strong><\/h4>\n                    <p>Gratis (registreres hos daglig leder)<\/p>\n                    <p>\n                      <br>\n                    <\/p>\n                    <p>Tidligere var det mulig \u00e5 l\u00e5ne forskjellig verkt\u00f8y fra borettslaget, men denne ordningen er avsluttet.<\/p>\n                    <p>\n                      <br>\n                    <\/p>\n                  <\/div>\n                <\/div>\n              <\/div>\n            <\/div>\n          <\/div>\n        <\/div>\n      <\/div>\n    <\/div>\n  <\/div>\n<\/div>","protected":false},"excerpt":{"rendered":"<p>L\u00e5sekassene til utgangsd\u00f8rene kan daglig leder v\u00e6re behjelpelige med \u00e5 reparere. Videre kan man f\u00e5 kj\u00f8pt f\u00f8lgende som betales med Vipps: Blokk\/garasjen\u00f8kkel kr 500,- Leilighetsn\u00f8kler M\u00e5 skaffes hos l\u00e5sesmed ! Garasjeport\u00e5pner kr 1500,- GSM-key til garasjene (\u00e5pne garasjeport med mobil) Gratis (registreres hos daglig leder) Tidligere var det mulig \u00e5 l\u00e5ne forskjellig verkt\u00f8y fra borettslaget, [&hellip;]<\/p>\n","protected":false},"author":1,"featured_media":0,"parent":0,"menu_order":0,"comment_status":"closed","ping_status":"closed","template":"page-templates\/full-width-page.php","meta":{"ngg_post_thumbnail":0,"jetpack_post_was_ever_published":false,"footnotes":""},"jetpack_sharing_enabled":true,"jetpack_shortlink":"https:\/\/wp.me\/PcD7gH-VM","_links":{"self":[{"href":"https:\/\/hannestadterrasse.no\/index.php?rest_route=\/wp\/v2\/pages\/3582"}],"collection":[{"href":"https:\/\/hannestadterrasse.no\/index.php?rest_route=\/wp\/v2\/pages"}],"about":[{"href":"https:\/\/hannestadterrasse.no\/index.php?rest_route=\/wp\/v2\/types\/page"}],"author":[{"embeddable":true,"href":"https:\/\/hannestadterrasse.no\/index.php?rest_route=\/wp\/v2\/users\/1"}],"replies":[{"embeddable":true,"href":"https:\/\/hannestadterrasse.no\/index.php?rest_route=%2Fwp%2Fv2%2Fcomments&post=3582"}],"version-history":[{"count":13,"href":"https:\/\/hannestadterrasse.no\/index.php?rest_route=\/wp\/v2\/pages\/3582\/revisions"}],"predecessor-version":[{"id":9463,"href":"https:\/\/hannestadterrasse.no\/index.php?rest_route=\/wp\/v2\/pages\/3582\/revisions\/9463"}],"wp:attachment":[{"href":"https:\/\/hannestadterrasse.no\/index.php?rest_route=%2Fwp%2Fv2%2Fmedia&parent=3582"}],"curies":[{"name":"wp","href":"https:\/\/api.w.org\/{rel}","templated":true}]}}