{"id":4174,"date":"2019-10-11T10:03:13","date_gmt":"2019-10-11T08:03:13","guid":{"rendered":"http:\/\/hannestadterrasse.no.datasenter.no\/info\/?page_id=4174"},"modified":"2023-03-28T10:11:48","modified_gmt":"2023-03-28T08:11:48","slug":"borettslagets-vedlikeholdsansvar","status":"publish","type":"page","link":"https:\/\/hannestadterrasse.no\/?page_id=4174","title":{"rendered":"Borettslagets vedlikeholdsansvar"},"content":{"rendered":"<div data-colibri-id=\"4174-c1\" class=\"style-710 style-local-4174-c1 position-relative\">\r\n  <!---->\r\n  <div data-colibri-component=\"section\" data-colibri-id=\"4174-c2\" id=\"custom\" class=\"h-section h-section-global-spacing d-flex align-items-lg-center align-items-md-center align-items-center style-711 style-local-4174-c2 position-relative\">\r\n    <!---->\r\n    <!---->\r\n    <div class=\"h-section-grid-container h-section-boxed-container\">\r\n      <!---->\r\n      <div data-colibri-id=\"4174-c3\" class=\"h-row-container gutters-row-lg-2 gutters-row-md-2 gutters-row-0 gutters-row-v-lg-2 gutters-row-v-md-2 gutters-row-v-2 style-712 style-local-4174-c3 position-relative\">\r\n        <!---->\r\n        <div class=\"h-row justify-content-lg-center justify-content-md-center justify-content-center align-items-lg-stretch align-items-md-stretch align-items-stretch gutters-col-lg-2 gutters-col-md-2 gutters-col-0 gutters-col-v-lg-2 gutters-col-v-md-2 gutters-col-v-2\">\r\n          <!---->\r\n          <div class=\"h-column h-column-container d-flex h-col-lg-auto h-col-md-auto h-col-auto style-713-outer style-local-4174-c4-outer\">\r\n            <div data-colibri-id=\"4174-c4\" class=\"d-flex h-flex-basis h-column__inner h-px-lg-2 h-px-md-2 h-px-2 v-inner-lg-2 v-inner-md-2 v-inner-2 style-713 style-local-4174-c4 position-relative\">\r\n              <!---->\r\n              <!---->\r\n              <div class=\"w-100 h-y-container h-column__content h-column__v-align flex-basis-100 align-self-lg-start align-self-md-start align-self-start\">\r\n                <!---->\r\n                <div data-colibri-id=\"4174-c5\" class=\"d-block style-714 style-local-4174-c5 position-relative h-element\">\r\n                  <!---->\r\n                  <div class=\"h-image__frame-container-outer\">\r\n                    <div class=\"h-image__frame-container\">\r\n                      <!---->\r\n                      <!---->\r\n                      <img loading=\"lazy\" decoding=\"async\" width=\"2553\" height=\"2500\" src=\"http:\/\/hannestadterrasse.no\/wp-content\/uploads\/2014\/08\/cropped-Vedlikeholdsansvar-V2_Side_1-2.jpg\" class=\"wp-image-4194 style-714-image style-local-4174-c5-image\" alt=\"\" srcset=\"https:\/\/hannestadterrasse.no\/wp-content\/uploads\/2014\/08\/cropped-Vedlikeholdsansvar-V2_Side_1-2.jpg 2553w, https:\/\/hannestadterrasse.no\/wp-content\/uploads\/2014\/08\/cropped-Vedlikeholdsansvar-V2_Side_1-2-300x294.jpg 300w, https:\/\/hannestadterrasse.no\/wp-content\/uploads\/2014\/08\/cropped-Vedlikeholdsansvar-V2_Side_1-2-768x752.jpg 768w, https:\/\/hannestadterrasse.no\/wp-content\/uploads\/2014\/08\/cropped-Vedlikeholdsansvar-V2_Side_1-2-1024x1003.jpg 1024w, https:\/\/hannestadterrasse.no\/wp-content\/uploads\/2014\/08\/cropped-Vedlikeholdsansvar-V2_Side_1-2-800x783.jpg 800w, https:\/\/hannestadterrasse.no\/wp-content\/uploads\/2014\/08\/cropped-Vedlikeholdsansvar-V2_Side_1-2-1200x1175.jpg 1200w\" sizes=\"(max-width: 2553px) 100vw, 2553px\" \/>\r\n                      <div class=\"h-image__frame h-hide-lg h-hide-md h-hide-sm style-714-frameImage style-local-4174-c5-frameImage\"><\/div>\r\n                    <\/div>\r\n                  <\/div>\r\n                <\/div>\r\n              <\/div>\r\n            <\/div>\r\n          <\/div>\r\n        <\/div>\r\n      <\/div>\r\n    <\/div>\r\n  <\/div>\r\n  <div data-colibri-component=\"section\" data-colibri-id=\"4174-c6\" id=\"custom-2\" class=\"h-section h-section-global-spacing d-flex align-items-lg-center align-items-md-center align-items-center style-715 style-local-4174-c6 position-relative\">\r\n    <!---->\r\n    <!---->\r\n    <div class=\"h-separator\" style=\"height: 100px; bottom: calc(0px);\">\r\n      <svg style=\"fill:rgb(13, 79, 166);\" xmlns=\"http:\/\/www.w3.org\/2000\/svg\" viewBox=\"0 0 1000 100\" preserveAspectRatio=\"none\">\r\n        <path class=\"svg-white-bg\" d=\"M737.9,94.7L0,0v100h1000V0L737.9,94.7z\"><\/path>\r\n      <\/svg>\r\n    <\/div>\r\n    <div class=\"h-section-grid-container h-section-boxed-container\">\r\n      <!---->\r\n      <div data-colibri-id=\"4174-c7\" class=\"h-row-container gutters-row-lg-2 gutters-row-md-2 gutters-row-0 gutters-row-v-lg-2 gutters-row-v-md-2 gutters-row-v-2 style-716 style-local-4174-c7 position-relative\">\r\n        <!---->\r\n        <div class=\"h-row justify-content-lg-center justify-content-md-center justify-content-center align-items-lg-stretch align-items-md-stretch align-items-stretch gutters-col-lg-2 gutters-col-md-2 gutters-col-0 gutters-col-v-lg-2 gutters-col-v-md-2 gutters-col-v-2\">\r\n          <!---->\r\n          <div class=\"h-column h-column-container d-flex h-col-lg-auto h-col-md-auto h-col-auto style-717-outer style-local-4174-c8-outer\">\r\n            <div data-colibri-id=\"4174-c8\" class=\"d-flex h-flex-basis h-column__inner h-px-lg-2 h-px-md-2 h-px-2 v-inner-lg-2 v-inner-md-2 v-inner-2 style-717 style-local-4174-c8 position-relative\">\r\n              <!---->\r\n              <!---->\r\n              <div class=\"w-100 h-y-container h-column__content h-column__v-align flex-basis-100 align-self-lg-start align-self-md-start align-self-start\">\r\n                <!---->\r\n                <div data-colibri-id=\"4174-c9\" class=\"h-text h-text-component style-718 style-local-4174-c9 position-relative h-element\">\r\n                  <!---->\r\n                  <!---->\r\n                  <div class=\"\">\r\n                    <h4><strong style=\"color: rgb(153, 153, 153); font-family: &quot;Playfair Display&quot;; font-size: 111%;\">Hva er borettslagets vedlikeholdsomr\u00e5de<\/strong><strong style=\"font-family: &quot;Playfair Display&quot;; font-size: 111%;\">&nbsp;<\/strong>\r\n                      <a\r\n                        href=\"https:\/\/hannestadterrasse.no?page_id=32\" target=\"_self\" style=\"font-family: &quot;Playfair Display&quot;; font-size: 111%;\" class=\"\" draggable=\"false\">(vedtekter \u00a75-2)<\/a><strong style=\"font-family: &quot;Playfair Display&quot;; font-size: 111%; color: rgb(153, 153, 153);\">:<\/strong><\/h4>\r\n                    <p>\u2013 Alle fellesareal (oppganger, garasjeanlegg, bodganger, felles elektriske installasjoner, samt felles vann og avl\u00f8psr\u00f8r)<\/p>\r\n                    <p>\u2013 Alle utvendige vegger og tak<\/p>\r\n                    <p>\u2013 Ytterd\u00f8rer til leilighet (herunder vrider og l\u00e5sekasse, samt tetningslister)<\/p>\r\n                    <p>\u2013 Vindusglass<\/p>\r\n                    <p>\u2013 Terrassegulv, terrassevegger, terrassekasse og bord under terrassekassene<\/p>\r\n                    <p>\u2013 Avl\u00f8psr\u00f8r mellom terrassene<\/p>\r\n                    <p>\u2013 D\u00f8rtelefonianlegg<\/p>\r\n                    <p>\u2013 Bredb\u00e5ndanlegg<\/p>\r\n                    <p>\u2013 Bodganger, vegger og d\u00f8rer til boder(herunder beslag for feste av hengel\u00e5s, men ikke hengel\u00e5s), samt elektrisk installasjon for lys i bod<\/p>\r\n                    <p>\u2013 Postkasseanlegg<\/p>\r\n                    <p>I forbindelse med arbeider p\u00e5 det som er borettslagets vedlikeholdsomr\u00e5de har borettslaget et ansvar i forbindelse med skader som blir gjort p\u00e5 andelseiers omr\u00e5de. Eks. skader i parkett som en f\u00f8lge av at leverand\u00f8r er uforsiktig er\r\n                      borettslagets ansvar. Borettslaget vil i sin tur fors\u00f8ke \u00e5 sikre seg at leverand\u00f8r m\u00e5 bekoste utbedring, men hvis det mislykkes har borettslag et ansvar i forhold til andelseier. Det samme gjelder hvis arbeide vedr\u00f8rende det som\r\n                      er borettslagets vedlikeholdsomr\u00e5de blir uakseptabelt d\u00e5rlig utf\u00f8rt eller fors\u00f8mt. Da kan andelseier kreve \u00f8konomisk kompensasjon, i form av redusert felleskostnad, eller i sv\u00e6rt graverende tilfeller bestille arbeidene og sende regningen\r\n                      til borettslaget.<\/p>\r\n                    <p>Vedlikehold p\u00e5 det som sorterer under borettslagets vedlikeholdsomr\u00e5de kan bli utf\u00f8rt p\u00e5 dugnad eller som et spleiselag. Om man velger dugnad eller innleide firma som finansieres med felleskostnadene, avhenger i stor grad av borettslagets\r\n                      \u00f8konomi og hva det sittende styret finner mest forsvarlig.<\/p>\r\n                    <p>Daglig leder&nbsp;har i sin stilling kun ansvar for \u00e5 ivareta det som er borettslagets vedlikeholdsomr\u00e5de og skal ikke utf\u00f8re arbeide som sorterer inn under den enkelte andelseiers vedlikeholdsansvar.<\/p>\r\n                    <p>\r\n                      <br>\r\n                    <\/p>\r\n                  <\/div>\r\n                <\/div>\r\n              <\/div>\r\n            <\/div>\r\n          <\/div>\r\n        <\/div>\r\n      <\/div>\r\n    <\/div>\r\n  <\/div>\r\n<\/div>","protected":false},"excerpt":{"rendered":"<p>Hva er borettslagets vedlikeholdsomr\u00e5de&nbsp; (vedtekter \u00a75-2): \u2013 Alle fellesareal (oppganger, garasjeanlegg, bodganger, felles elektriske installasjoner, samt felles vann og avl\u00f8psr\u00f8r) \u2013 Alle utvendige vegger og tak \u2013 Ytterd\u00f8rer til leilighet (herunder vrider og l\u00e5sekasse, samt tetningslister) \u2013 Vindusglass \u2013 Terrassegulv, terrassevegger, terrassekasse og bord under terrassekassene \u2013 Avl\u00f8psr\u00f8r mellom terrassene \u2013 D\u00f8rtelefonianlegg \u2013 Bredb\u00e5ndanlegg \u2013 [&hellip;]<\/p>\n","protected":false},"author":1,"featured_media":0,"parent":0,"menu_order":0,"comment_status":"closed","ping_status":"closed","template":"page-templates\/full-width-page.php","meta":{"ngg_post_thumbnail":0,"jetpack_post_was_ever_published":false,"footnotes":""},"jetpack_sharing_enabled":true,"jetpack_shortlink":"https:\/\/wp.me\/PcD7gH-15k","_links":{"self":[{"href":"https:\/\/hannestadterrasse.no\/index.php?rest_route=\/wp\/v2\/pages\/4174"}],"collection":[{"href":"https:\/\/hannestadterrasse.no\/index.php?rest_route=\/wp\/v2\/pages"}],"about":[{"href":"https:\/\/hannestadterrasse.no\/index.php?rest_route=\/wp\/v2\/types\/page"}],"author":[{"embeddable":true,"href":"https:\/\/hannestadterrasse.no\/index.php?rest_route=\/wp\/v2\/users\/1"}],"replies":[{"embeddable":true,"href":"https:\/\/hannestadterrasse.no\/index.php?rest_route=%2Fwp%2Fv2%2Fcomments&post=4174"}],"version-history":[{"count":6,"href":"https:\/\/hannestadterrasse.no\/index.php?rest_route=\/wp\/v2\/pages\/4174\/revisions"}],"predecessor-version":[{"id":6468,"href":"https:\/\/hannestadterrasse.no\/index.php?rest_route=\/wp\/v2\/pages\/4174\/revisions\/6468"}],"wp:attachment":[{"href":"https:\/\/hannestadterrasse.no\/index.php?rest_route=%2Fwp%2Fv2%2Fmedia&parent=4174"}],"curies":[{"name":"wp","href":"https:\/\/api.w.org\/{rel}","templated":true}]}}