{"id":56,"date":"2014-08-13T13:23:10","date_gmt":"2014-08-13T11:23:10","guid":{"rendered":"http:\/\/hannestadterrasse.no.datasenter.no\/info\/?page_id=56"},"modified":"2025-01-29T11:40:48","modified_gmt":"2025-01-29T10:40:48","slug":"om-blokkene","status":"publish","type":"page","link":"https:\/\/hannestadterrasse.no\/?page_id=56","title":{"rendered":"Plantegninger"},"content":{"rendered":"<div data-colibri-id=\"56-c1\" class=\"style-240 style-local-56-c1 position-relative\">\n  <!---->\n  <div data-colibri-component=\"section\" data-colibri-id=\"56-c2\" id=\"custom-2\" class=\"h-section h-section-global-spacing d-flex align-items-lg-center align-items-md-center align-items-center style-706 style-local-56-c2 position-relative\">\n    <!---->\n    <!---->\n    <div class=\"h-separator\" style=\"height: 100px; bottom: calc(0px);\">\n      <svg style=\"fill:rgb(2, 82, 149);\" xmlns=\"http:\/\/www.w3.org\/2000\/svg\" viewBox=\"0 0 1000 100\" preserveAspectRatio=\"none\">\n        <path class=\"svg-white-bg\" d=\"M737.9,94.7L0,0v100h1000V0L737.9,94.7z\"><\/path>\n      <\/svg>\n    <\/div>\n    <div class=\"h-section-grid-container h-section-boxed-container\">\n      <!---->\n      <div data-colibri-id=\"56-c3\" class=\"h-row-container gutters-row-lg-2 gutters-row-md-2 gutters-row-0 gutters-row-v-lg-2 gutters-row-v-md-2 gutters-row-v-2 style-707 style-local-56-c3 position-relative\">\n        <!---->\n        <div class=\"h-row justify-content-lg-center justify-content-md-center justify-content-center align-items-lg-stretch align-items-md-stretch align-items-stretch gutters-col-lg-2 gutters-col-md-2 gutters-col-0 gutters-col-v-lg-2 gutters-col-v-md-2 gutters-col-v-2\">\n          <!---->\n          <div class=\"h-column h-column-container d-flex h-col-lg-auto h-col-md-auto h-col-auto style-708-outer style-local-56-c4-outer\">\n            <div data-colibri-id=\"56-c4\" class=\"d-flex h-flex-basis h-column__inner h-px-lg-2 h-px-md-2 h-px-2 v-inner-lg-2 v-inner-md-2 v-inner-2 style-708 style-local-56-c4 position-relative\">\n              <!---->\n              <!---->\n              <div class=\"w-100 h-y-container h-column__content h-column__v-align flex-basis-100 align-self-lg-start align-self-md-start align-self-start\">\n                <!---->\n                <div data-colibri-id=\"56-c5\" class=\"h-text h-text-component style-709 style-local-56-c5 position-relative h-element\">\n                  <!---->\n                  <!---->\n                  <div class=\"\">\n                    <p><span style=\"font-weight: 400; font-size: 16px; font-family: &quot;Open Sans&quot;; color: rgb(153, 153, 153);\">Blokkene best\u00e5r av fem etasjer pluss kjeller, som rommer garasjer og et tilfluktsrom innerst i \u00f8vre blokkrad.<\/span><\/p>\n                    <p>\n                      <br>\n                    <\/p>\n                    <h4><strong style=\"font-weight: 700; font-size: 111%; font-family: &quot;Playfair Display&quot;; color: rgb(153, 153, 153);\">Leilighetsnummer<\/strong><\/h4>\n                    <p><span style=\"font-weight: 400; font-size: 16px; font-family: &quot;Open Sans&quot;; color: rgb(153, 153, 153);\">I forskjellige sammenhenger brukes leilighetsnummer i borettslaget. F\u00f8lgende system brukes:<\/span><\/p>\n                    <p><span style=\"font-weight: 400; font-size: 16px; font-family: &quot;Open Sans&quot;; color: rgb(153, 153, 153);\"> 3.etg.&nbsp;&nbsp;31 og 32<\/span><\/p>\n                    <p><span style=\"font-weight: 400; font-size: 16px; font-family: &quot;Open Sans&quot;; color: rgb(153, 153, 153);\">2.etg.&nbsp;&nbsp;21 og 22<\/span><\/p>\n                    <p><span style=\"font-weight: 400; font-size: 16px; font-family: &quot;Open Sans&quot;; color: rgb(153, 153, 153);\">1.etg.&nbsp;&nbsp;11, 12, 13 og 14 (13 og 14 er alltid hybelleiligheter)<\/span><\/p>\n                    <p><span style=\"font-weight: 400; font-size: 16px; font-family: &quot;Open Sans&quot;; color: rgb(153, 153, 153);\">1.underetg.&nbsp;011 og 012<\/span><\/p>\n                    <p><span style=\"font-weight: 400; font-size: 16px; font-family: &quot;Open Sans&quot;; color: rgb(153, 153, 153);\">2.underetg.&nbsp;021 og 022<\/span><\/p>\n                    <p><span style=\"font-weight: 400; font-size: 16px; font-family: &quot;Open Sans&quot;; color: rgb(153, 153, 153);\">Leiligheten som har 1 som siste siffer ligger til venstre, leiligheten som har 2 som siste siffer ligger til h\u00f8yre, sett fra forsiden av blokkene.&nbsp;<\/span><\/p>\n                    <p>\n                      <br>\n                    <\/p>\n                    <h4><strong style=\"font-weight: 700; font-size: 111%; font-family: &quot;Playfair Display&quot;; color: rgb(153, 153, 153);\">Leilighetstyper<\/strong><\/h4>\n                    <p><span style=\"font-weight: 400; font-size: 16px; font-family: &quot;Open Sans&quot;; color: rgb(153, 153, 153);\">Det er mange forskjellige typer leiligheter i blokkene og de varierer i st\u00f8rrelse fra den minste p\u00e5 47 m\u00b2 til den st\u00f8rste p\u00e5 111 m\u00b2.<\/span><\/p>\n                    <p><span style=\"font-weight: 400; font-size: 16px; font-family: &quot;Open Sans&quot;; color: rgb(153, 153, 153);\">\ufeff<\/span><\/p>\n                    <p>\n                      <br>\n                    <\/p>\n                    <h3><strong style=\"font-weight: 700; font-size: 81%; font-family: &quot;Playfair Display&quot;; color: rgb(153, 153, 153);\">3.etg. (Leilighetstype I) | <\/strong>\n                      <a href=\"https:\/\/hannestadterrasse.no\/wp-content\/uploads\/2014\/08\/Leilighetstype_i_.jpg\"\n                        style=\"font-weight: 400; font-size: 66%; font-family: &quot;Playfair Display&quot;; color: rgb(0, 102, 204);\" class=\"customize-unpreviewable\" draggable=\"false\"><strong>tegning<\/strong><\/a>\n                    <\/h3>\n                    <p><span style=\"font-weight: 400; font-size: 16px; font-family: &quot;Open Sans&quot;; color: rgb(153, 153, 153);\">I 3.etg. er alle leilighetene like.<\/span><\/p>\n                    <p><span style=\"font-weight: 400; font-size: 16px; font-family: &quot;Open Sans&quot;; color: rgb(153, 153, 153);\">Antall rom&nbsp;&nbsp;: 3<\/span><\/p>\n                    <p><span style=\"font-weight: 400; font-size: 16px; font-family: &quot;Open Sans&quot;; color: rgb(153, 153, 153);\">Leieareal&nbsp;&nbsp;&nbsp;: 69 m\u00b2<\/span><\/p>\n                    <p><span style=\"font-weight: 400; font-size: 16px; font-family: &quot;Open Sans&quot;; color: rgb(153, 153, 153);\">Terrasse&nbsp;&nbsp;&nbsp;: \u00d8stvendt og vestvendt<\/span><\/p>\n                    <p>\n                      <br>\n                    <\/p>\n                    <p><span style=\"font-weight: 400; font-size: 16px; font-family: &quot;Open Sans&quot;; color: rgb(0, 51, 102);\">\ufeff<\/span><\/p>\n                    <h3><strong style=\"color: rgb(153, 153, 153); font-size: 81%; font-family: Baumans;\">\ufeff<\/strong><strong style=\"color: rgb(153, 153, 153); font-size: 81%; font-family: &quot;Playfair Display&quot;;\">2.etg. (Leilighetstype H) | <\/strong>\n                      <a\n                        href=\"https:\/\/hannestadterrasse.no\/wp-content\/uploads\/2014\/08\/Leilighetstype_H_.jpg\" style=\"color: rgb(0, 102, 204); font-size: 66%; font-family: &quot;Playfair Display&quot;;\" class=\"customize-unpreviewable\" draggable=\"false\"><strong>tegning<\/strong><\/a>\n                    <\/h3>\n                    <p><span style=\"color: rgb(153, 153, 153);\">I andre etasje er alle leilighetene av samme type og like store.<\/span><\/p>\n                    <p><span style=\"color: rgb(153, 153, 153);\">Antall rom&nbsp;&nbsp;: 4<\/span><\/p>\n                    <p><span style=\"color: rgb(153, 153, 153);\">Leieareal&nbsp;&nbsp;: 86 m\u00b2<\/span><\/p>\n                    <p><span style=\"color: rgb(153, 153, 153);\">Terrasse&nbsp;&nbsp;: \u00d8stvendt og vestvendt<\/span><\/p>\n                    <p>\n                      <br>\n                    <\/p>\n                    <p><span style=\"font-weight: 400; font-size: 16px; font-family: &quot;Open Sans&quot;; color: rgb(0, 51, 102);\">\ufeff<\/span><\/p>\n                    <h3><strong style=\"color: rgb(153, 153, 153); font-family: &quot;Playfair Display&quot;; font-size: 81%;\">1.etg (Leilighetstype F, G, J, og K)<\/strong><\/h3>\n                    <p><span style=\"font-weight: 400; font-size: 16px; font-family: &quot;Open Sans&quot;; color: rgb(153, 153, 153);\">I f\u00f8rste etasjer finner vi flere forskjellige leiligheter. I endeoppgangene p\u00e5 hver blokk ligger det tre leiligheter i 1. etg. (type F, J og K.)<\/span><\/p>\n                    <p><span style=\"font-weight: 400; font-size: 16px; font-family: &quot;Open Sans&quot;; color: rgb(153, 153, 153);\">I de andre oppgangene er det kun to leiligheter i 1. etg.(type F og G.)<\/span><\/p>\n                    <p><span style=\"font-weight: 400; font-size: 16px; font-family: &quot;Open Sans&quot;; color: rgb(153, 153, 153);\">I endene er den st\u00f8rste leiligheten i 1. etg. (type G) delt opp i to mindre leiligheter, kalt hybelleiligheter (type J og K). Den ene med terrasse mot \u00f8st og den andre med terrasse mot vest. Det finnes 24 hybelleiligheter i blokkene.<\/span><\/p>\n                    <p>\n                      <br>\n                    <\/p>\n                    <h4><strong style=\"font-weight: 700; font-size: 111%; font-family: &quot;Playfair Display&quot;; color: rgb(153, 153, 153);\">Leilighetstype F: | <\/strong>\n                      <a href=\"https:\/\/hannestadterrasse.no\/wp-content\/uploads\/2014\/08\/Leilighetstype_G-og-F_.jpg\"\n                        style=\"font-weight: 700; font-size: 111%; font-family: &quot;Playfair Display&quot;; color: rgb(0, 102, 204);\" class=\"customize-unpreviewable\" draggable=\"false\"><strong>tegning<\/strong><\/a>\n                    <\/h4>\n                    <p><span style=\"font-weight: 400; font-size: 16px; font-family: &quot;Open Sans&quot;; color: rgb(153, 153, 153);\">Antall rom&nbsp;&nbsp;: 3<\/span><\/p>\n                    <p><span style=\"font-weight: 400; font-size: 16px; font-family: &quot;Open Sans&quot;; color: rgb(153, 153, 153);\">Leieareal&nbsp;&nbsp;: 90 m\u00b2<\/span><\/p>\n                    <p><span style=\"font-weight: 400; font-size: 16px; font-family: &quot;Open Sans&quot;; color: rgb(153, 153, 153);\">Terrasse:&nbsp;&nbsp;: \u00d8stvendt og vestvendt<\/span><\/p>\n                    <p>\n                      <br>\n                    <\/p>\n                    <h4><strong style=\"font-weight: 700; font-size: 111%; font-family: &quot;Playfair Display&quot;; color: rgb(153, 153, 153);\">Leilighetstype G : | <\/strong>\n                      <a href=\"https:\/\/hannestadterrasse.no\/wp-content\/uploads\/2014\/08\/Leilighetstype_G-og-F_.jpg\"\n                        style=\"font-weight: 700; font-size: 111%; font-family: &quot;Playfair Display&quot;; color: rgb(0, 102, 204);\" class=\"customize-unpreviewable\" draggable=\"false\"><strong>tegning<\/strong><\/a>\n                    <\/h4>\n                    <p><span style=\"font-weight: 400; font-size: 16px; font-family: &quot;Open Sans&quot;; color: rgb(153, 153, 153);\">Antall rom&nbsp;&nbsp;: 4<\/span><\/p>\n                    <p><span style=\"font-weight: 400; font-size: 16px; font-family: &quot;Open Sans&quot;; color: rgb(153, 153, 153);\">Leieareal&nbsp;&nbsp;: 103 m\u00b2<\/span><\/p>\n                    <p><span style=\"font-weight: 400; font-size: 16px; font-family: &quot;Open Sans&quot;; color: rgb(153, 153, 153);\">Terrasse&nbsp;&nbsp;: \u00d8stvendt og vestvendt<\/span><\/p>\n                    <p>\n                      <br>\n                    <\/p>\n                    <h4><strong style=\"font-weight: 700; font-size: 111%; font-family: &quot;Playfair Display&quot;; color: rgb(153, 153, 153);\">Lelighetstype J : | <\/strong>\n                      <a href=\"https:\/\/hannestadterrasse.no\/wp-content\/uploads\/2014\/08\/Leilighetstype_hybel_K-og-J_.jpg\"\n                        style=\"font-weight: 700; font-size: 111%; font-family: &quot;Playfair Display&quot;; color: rgb(0, 102, 204);\" class=\"customize-unpreviewable\" draggable=\"false\"><strong>tegning<\/strong><\/a>\n                    <\/h4>\n                    <p><span style=\"font-weight: 400; font-size: 16px; font-family: &quot;Open Sans&quot;; color: rgb(153, 153, 153);\">(Hybelleilighet)<\/span><\/p>\n                    <p><span style=\"font-weight: 400; font-size: 16px; font-family: &quot;Open Sans&quot;; color: rgb(153, 153, 153);\">Antall rom&nbsp;&nbsp;: 2<\/span><\/p>\n                    <p><span style=\"font-weight: 400; font-size: 16px; font-family: &quot;Open Sans&quot;; color: rgb(153, 153, 153);\">Leieareal&nbsp;&nbsp;: 53 m\u00b2<\/span><\/p>\n                    <p><span style=\"font-weight: 400; font-size: 16px; font-family: &quot;Open Sans&quot;; color: rgb(153, 153, 153);\">Terrasse&nbsp;&nbsp;: Vestvendt<\/span><\/p>\n                    <p>\n                      <br>\n                    <\/p>\n                    <h4><strong style=\"font-weight: 700; font-size: 111%; font-family: &quot;Playfair Display&quot;; color: rgb(153, 153, 153);\">Lelighetstype K : | <\/strong>\n                      <a href=\"https:\/\/hannestadterrasse.no\/wp-content\/uploads\/2014\/08\/Leilighetstype_hybel_K-og-J_.jpg\"\n                        style=\"font-weight: 700; font-size: 111%; font-family: &quot;Playfair Display&quot;; color: rgb(0, 102, 204);\" class=\"customize-unpreviewable\" draggable=\"false\"><strong>tegning<\/strong><\/a>\n                    <\/h4>\n                    <p><span style=\"font-weight: 400; font-size: 16px; font-family: &quot;Open Sans&quot;; color: rgb(153, 153, 153);\">Antall rom&nbsp;&nbsp;:<\/span><\/p>\n                    <p><span style=\"font-weight: 400; font-size: 16px; font-family: &quot;Open Sans&quot;; color: rgb(153, 153, 153);\">2 Leieareal&nbsp;&nbsp;: 47 m\u00b2<\/span><\/p>\n                    <p><span style=\"font-weight: 400; font-size: 16px; font-family: &quot;Open Sans&quot;; color: rgb(153, 153, 153);\">Terrasse&nbsp;&nbsp;: \u00d8stvendt<\/span><\/p>\n                    <p>\n                      <br>\n                    <\/p>\n                    <p>\n                      <br>\n                    <\/p>\n                    <h3><strong style=\"font-weight: 700; font-size: 81%; font-family: &quot;Playfair Display&quot;; color: rgb(153, 153, 153);\">1.underetg. (Leilighetstype C og D)<\/strong><\/h3>\n                    <p><span style=\"font-weight: 400; font-size: 16px; font-family: &quot;Open Sans&quot;; color: rgb(153, 153, 153);\">Leilighetene i 1. underetasje er like bortsett fra i endeoppgangene p\u00e5 hver blokk.<\/span><\/p>\n                    <p><span style=\"font-weight: 400; font-size: 16px; font-family: &quot;Open Sans&quot;; color: rgb(153, 153, 153);\">I hver endeoppgang finner vi en leilighet (type C) p\u00e5 111 m\u00b2. Totalt finnes det 12 slike leiligheter og det er de st\u00f8rste leilighetene i blokkene.<\/span><\/p>\n                    <p>\n                      <br>\n                    <\/p>\n                    <h4><strong style=\"font-weight: 700; font-size: 111%; font-family: &quot;Playfair Display&quot;; color: rgb(153, 153, 153);\">Leilighetstype C: | <\/strong>\n                      <a href=\"https:\/\/hannestadterrasse.no\/wp-content\/uploads\/2014\/08\/Leilighetstype_D-og-C_.jpg\"\n                        style=\"font-weight: 700; font-size: 111%; font-family: &quot;Playfair Display&quot;; color: rgb(0, 102, 204);\" class=\"customize-unpreviewable\" draggable=\"false\"><strong>tegning<\/strong><\/a>\n                    <\/h4>\n                    <p><span style=\"font-weight: 400; font-size: 16px; font-family: &quot;Open Sans&quot;; color: rgb(153, 153, 153);\">Antall rom&nbsp;&nbsp;: 5<\/span><\/p>\n                    <p><span style=\"font-weight: 400; font-size: 16px; font-family: &quot;Open Sans&quot;; color: rgb(153, 153, 153);\">Leieareal&nbsp;&nbsp;: 111 m\u00b2<\/span><\/p>\n                    <p><span style=\"font-weight: 400; font-size: 16px; font-family: &quot;Open Sans&quot;; color: rgb(153, 153, 153);\">Terrasse:&nbsp;&nbsp;: Vestvendt.<\/span><\/p>\n                    <p><span style=\"font-weight: 400; font-size: 16px; font-family: &quot;Open Sans&quot;; color: rgb(153, 153, 153);\">Ikke terrasse p\u00e5 \u00f8stsiden, men utgang rett p\u00e5 bakken<\/span><\/p>\n                    <p>\n                      <br>\n                    <\/p>\n                    <h4><strong style=\"font-weight: 700; font-size: 111%; font-family: &quot;Playfair Display&quot;; color: rgb(153, 153, 153);\">Leilighetstype D: | <\/strong>\n                      <a href=\"https:\/\/hannestadterrasse.no\/wp-content\/uploads\/2014\/08\/Leilighetstype_D-og-C_.jpg\"\n                        style=\"font-weight: 700; font-size: 111%; font-family: &quot;Playfair Display&quot;; color: rgb(0, 102, 204);\" class=\"customize-unpreviewable\" draggable=\"false\"><strong>tegning<\/strong><\/a>\n                    <\/h4>\n                    <p><span style=\"font-weight: 400; font-size: 16px; font-family: &quot;Open Sans&quot;; color: rgb(153, 153, 153);\">Antall rom&nbsp;&nbsp;: 2<\/span><\/p>\n                    <p><span style=\"font-weight: 400; font-size: 16px; font-family: &quot;Open Sans&quot;; color: rgb(153, 153, 153);\">Leieareal&nbsp;&nbsp;: 72 m\u00b2<\/span><\/p>\n                    <p><span style=\"font-weight: 400; font-size: 16px; font-family: &quot;Open Sans&quot;; color: rgb(153, 153, 153);\">Terrasse&nbsp;&nbsp;: Vestvendt<\/span><\/p>\n                    <p>\n                      <br>\n                    <\/p>\n                    <p><span style=\"font-weight: 400; font-size: 16px; font-family: &quot;Open Sans&quot;; color: rgb(153, 153, 153);\">\ufeff<\/span><\/p>\n                    <h3><strong style=\"color: rgb(153, 153, 153); font-family: &quot;Playfair Display&quot;; font-size: 81%; font-weight: 700;\">2. underetg. (Leilighetstype A og B)<\/strong><\/h3>\n                    <p><span style=\"color: rgb(153, 153, 153); font-family: &quot;Open Sans&quot;; font-size: 16px; font-weight: 400;\">Leilighetene i denne etasjen er identiske bortsett fra i endeoppgangene hvor det er vindu p\u00e5 soverom og kj\u00f8kken i blokkenes gavl. P\u00e5 grunn av mangel p\u00e5 vindu i det ene soverommet, er leilighetstype B en 2-roms leilighet, mens leilighetstype A, som har vindu i dette rommet, er en 3-roms leilighet.<\/span><\/p>\n                    <p>\n                      <br>\n                    <\/p>\n                    <h4><strong style=\"color: rgb(153, 153, 153); font-family: &quot;Playfair Display&quot;; font-size: 111%; font-weight: 700;\">Lelighetstype A: | <\/strong>\n                      <a href=\"https:\/\/hannestadterrasse.no\/wp-content\/uploads\/2014\/08\/Leilighetstype_B-og-A_.jpg\"\n                        style=\"color: rgb(0, 102, 204); font-family: &quot;Playfair Display&quot;; font-size: 111%; font-weight: 700;\" class=\"customize-unpreviewable\" draggable=\"false\"><strong>tegning<\/strong><\/a>\n                    <\/h4>\n                    <p><span style=\"color: rgb(153, 153, 153); font-family: &quot;Open Sans&quot;; font-size: 16px; font-weight: 400;\">(Med to vinduer i gavlen)<\/span><\/p>\n                    <p><span style=\"color: rgb(153, 153, 153); font-family: &quot;Open Sans&quot;; font-size: 16px; font-weight: 400;\">Antall rom&nbsp;&nbsp;: 3<\/span><\/p>\n                    <p><span style=\"color: rgb(153, 153, 153); font-family: &quot;Open Sans&quot;; font-size: 16px; font-weight: 400;\">Leieareal&nbsp;&nbsp;: 80 m\u00b2<\/span><\/p>\n                    <p><span style=\"color: rgb(153, 153, 153); font-family: &quot;Open Sans&quot;; font-size: 16px; font-weight: 400;\">Terrasse&nbsp;&nbsp;: Vestvendt<\/span><\/p>\n                    <p>\n                      <br>\n                    <\/p>\n                    <h4><strong style=\"color: rgb(153, 153, 153); font-family: &quot;Playfair Display&quot;; font-size: 111%; font-weight: 700;\">Lelighetstype B: | <\/strong>\n                      <a href=\"https:\/\/hannestadterrasse.no\/wp-content\/uploads\/2014\/08\/Leilighetstype_B-og-A_.jpg\"\n                        style=\"color: rgb(0, 102, 204); font-family: &quot;Playfair Display&quot;; font-size: 111%; font-weight: 700;\" class=\"customize-unpreviewable\" draggable=\"false\"><strong>tegning<\/strong><\/a>\n                    <\/h4>\n                    <p><span style=\"color: rgb(153, 153, 153); font-family: &quot;Open Sans&quot;; font-size: 16px; font-weight: 400;\">Antall rom&nbsp;&nbsp;: 2<\/span><\/p>\n                    <p><span style=\"color: rgb(153, 153, 153); font-family: &quot;Open Sans&quot;; font-size: 16px; font-weight: 400;\">Leieareal&nbsp;&nbsp;: 80 m\u00b2<\/span><\/p>\n                    <p><span style=\"color: rgb(153, 153, 153); font-family: &quot;Open Sans&quot;; font-size: 16px; font-weight: 400;\">Terrasse&nbsp;&nbsp;: Vestvendt<\/span><\/p>\n                    <p><span style=\"color: rgb(153, 153, 153); font-family: &quot;Open Sans&quot;; font-size: 16px; font-weight: 400;\">\ufeff<\/span><\/p>\n                    <p>\n                      <br>\n                    <\/p>\n                  <\/div>\n                <\/div>\n              <\/div>\n            <\/div>\n          <\/div>\n        <\/div>\n      <\/div>\n    <\/div>\n  <\/div>\n<\/div>","protected":false},"excerpt":{"rendered":"<p>Blokkene best\u00e5r av fem etasjer pluss kjeller, som rommer garasjer og et tilfluktsrom innerst i \u00f8vre blokkrad. Leilighetsnummer I forskjellige sammenhenger brukes leilighetsnummer i borettslaget. F\u00f8lgende system brukes: 3.etg.&nbsp;&nbsp;31 og 32 2.etg.&nbsp;&nbsp;21 og 22 1.etg.&nbsp;&nbsp;11, 12, 13 og 14 (13 og 14 er alltid hybelleiligheter) 1.underetg.&nbsp;011 og 012 2.underetg.&nbsp;021 og 022 Leiligheten som har 1 [&hellip;]<\/p>\n","protected":false},"author":1,"featured_media":0,"parent":48,"menu_order":3,"comment_status":"closed","ping_status":"closed","template":"page-templates\/full-width-page.php","meta":{"ngg_post_thumbnail":0,"jetpack_post_was_ever_published":false,"footnotes":""},"jetpack_sharing_enabled":true,"jetpack_shortlink":"https:\/\/wp.me\/PcD7gH-U","_links":{"self":[{"href":"https:\/\/hannestadterrasse.no\/index.php?rest_route=\/wp\/v2\/pages\/56"}],"collection":[{"href":"https:\/\/hannestadterrasse.no\/index.php?rest_route=\/wp\/v2\/pages"}],"about":[{"href":"https:\/\/hannestadterrasse.no\/index.php?rest_route=\/wp\/v2\/types\/page"}],"author":[{"embeddable":true,"href":"https:\/\/hannestadterrasse.no\/index.php?rest_route=\/wp\/v2\/users\/1"}],"replies":[{"embeddable":true,"href":"https:\/\/hannestadterrasse.no\/index.php?rest_route=%2Fwp%2Fv2%2Fcomments&post=56"}],"version-history":[{"count":21,"href":"https:\/\/hannestadterrasse.no\/index.php?rest_route=\/wp\/v2\/pages\/56\/revisions"}],"predecessor-version":[{"id":10961,"href":"https:\/\/hannestadterrasse.no\/index.php?rest_route=\/wp\/v2\/pages\/56\/revisions\/10961"}],"up":[{"embeddable":true,"href":"https:\/\/hannestadterrasse.no\/index.php?rest_route=\/wp\/v2\/pages\/48"}],"wp:attachment":[{"href":"https:\/\/hannestadterrasse.no\/index.php?rest_route=%2Fwp%2Fv2%2Fmedia&parent=56"}],"curies":[{"name":"wp","href":"https:\/\/api.w.org\/{rel}","templated":true}]}}