{"id":717,"date":"2016-04-05T14:33:11","date_gmt":"2016-04-05T12:33:11","guid":{"rendered":"http:\/\/hannestadterrasse.no.datasenter.no\/info\/?page_id=717"},"modified":"2019-10-30T13:48:21","modified_gmt":"2019-10-30T12:48:21","slug":"forkjopsrett","status":"publish","type":"page","link":"https:\/\/hannestadterrasse.no\/?page_id=717","title":{"rendered":"Forkj\u00f8psrett"},"content":{"rendered":"<div data-colibri-id=\"717-c1\" class=\"style-409 style-local-717-c1 position-relative\">\n  <!---->\n  <div data-colibri-component=\"section\" data-colibri-id=\"717-c2\" id=\"custom\" class=\"h-section h-section-global-spacing d-flex align-items-lg-center align-items-md-center align-items-center style-440 style-local-717-c2 position-relative\">\n    <!---->\n    <!---->\n    <div class=\"h-separator\" style=\"height: 100px; bottom: 0px;\">\n      <svg style=\"fill:rgb(13, 79, 166);\" xmlns=\"http:\/\/www.w3.org\/2000\/svg\" viewBox=\"0 0 1000 100\" preserveAspectRatio=\"none\">\n        <path class=\"svg-white-bg\" d=\"M737.9,94.7L0,0v100h1000V0L737.9,94.7z\"><\/path>\n      <\/svg>\n    <\/div>\n    <div class=\"h-section-grid-container h-section-boxed-container\">\n      <!---->\n      <div data-colibri-id=\"717-c3\" class=\"h-row-container gutters-row-lg-2 gutters-row-md-2 gutters-row-0 gutters-row-v-lg-2 gutters-row-v-md-2 gutters-row-v-2 style-441 style-local-717-c3 position-relative\">\n        <!---->\n        <div class=\"h-row justify-content-lg-center justify-content-md-center justify-content-center align-items-lg-stretch align-items-md-stretch align-items-stretch gutters-col-lg-2 gutters-col-md-2 gutters-col-0 gutters-col-v-lg-2 gutters-col-v-md-2 gutters-col-v-2\">\n          <!---->\n          <div class=\"h-column h-column-container d-flex h-col-lg-auto h-col-md-auto h-col-auto style-442-outer style-local-717-c4-outer\">\n            <div data-colibri-id=\"717-c4\" class=\"d-flex h-flex-basis h-column__inner h-px-lg-2 h-px-md-2 h-px-2 v-inner-lg-2 v-inner-md-2 v-inner-2 style-442 style-local-717-c4 position-relative\">\n              <!---->\n              <!---->\n              <div class=\"w-100 h-y-container h-column__content h-column__v-align flex-basis-100 align-self-lg-start align-self-md-start align-self-start\">\n                <!---->\n                <div data-colibri-id=\"717-c5\" class=\"h-text h-text-component style-443 style-local-717-c5 position-relative h-element\">\n                  <!---->\n                  <!---->\n                  <div class=\"\">\n                    <h4><strong style=\"font-family: &quot;Playfair Display&quot;; color: rgb(153, 153, 153); font-weight: 700;\">Hvordan virker forkj\u00f8psretten<\/strong><\/h4>\n                    <p>Forkj\u00f8psretten er en fordel for andelseiere i borettslaget. For hver enkelt bolig blir det fastsatt en egen frist for \u00e5 melde bruk av forkj\u00f8psretten (meldefrist). Meldefristen vil v\u00e6re minst 5 virkedager etter at boligen er kunngjort\n                      ved oppslag i oppgangene eller annen annonsering.<\/p>\n                    <p>Meldingen skal sendes til styret i borettslaget. Hvis styret i borettslaget mottar din melding om forkj\u00f8p etter at meldefristen er l\u00f8pt ut, kan du ikke kreve \u00e5 overta boligen p\u00e5 grunnlag av forkj\u00f8psretten.<\/p>\n                    <p>\n                      <br>\n                    <\/p>\n                    <p>For andelseiere som \u00f8nsker \u00e5&nbsp;benytte seg av&nbsp;forkj\u00f8psretten, m\u00e5 skjemaet \u00abMelding om forkj\u00f8p\u00bb fylles ut og leveres til styret v\/daglig leder Tormod Kristiansen innen kl 14.00 samme dag fristen utg\u00e5r. Dersom styret ikke har\n                      mottatt slik utfylt melding innen meldefristen kan ikke forkj\u00f8psrett benyttes ved eierskiftet. (Skjemaet f\u00e5es ved \u00e5 kontakte daglig leder)<\/p>\n                    <p><span style=\"color: rgb(255, 0, 0);\">Det gj\u00f8res dessuten oppmerksom p\u00e5 at krav om forkj\u00f8psrett ikke gj\u00f8res gjeldende,&nbsp;UTEN AT FINANSIERINGSBEKREFTELSE, tilknyttet den aktuelle leiligheten, fremlegges&nbsp;sammen med forkj\u00f8psrettskravet.<\/span><\/p>\n                    <p>I motsatt fall vil ikke forkj\u00f8psrettmeldingen bli hensyntatt.Ved benyttelse av forkj\u00f8psretten, vil den forkj\u00f8psberettigede tre inn i den allerede skrevne og undertegnede kj\u00f8pekontrakt.<\/p>\n                    <p>Selger kan kontaktes for visning av leiligheten.<\/p>\n                    <p>I S\u00d8KNAD SKAL OPPGIS:<\/p>\n                    <p>1. NAVN<\/p>\n                    <p>2. ADRESSE<\/p>\n                    <p>3. LEILIGHETSNUMMER<\/p>\n                    <p>4. DATO FOR INNFLYTTING I BORETTSLAGET<\/p>\n                    <p>5. ANTALL PERSONER I HUSSTANDEN<\/p>\n                    <p>Krever flere andelseiere \u00e5 overta en andel i h.h.t. forkj\u00f8psrett, tildeles leiligheten etter lengst sammenhengende ansiennitet som andelseier i borettslaget. Ved lik ansiennitet foretas loddtrekning.<\/p>\n                    <p>\n                      <br>\n                    <\/p>\n                    <h4><strong style=\"font-weight: 700; color: rgb(153, 153, 153); font-family: &quot;Playfair Display&quot;;\">Finansiering<\/strong><\/h4>\n                    <p>Skal du benytte forkj\u00f8psrett, m\u00e5 du ha finansieringen klar. Finansiering av hele kj\u00f8pesummen m\u00e5 dokumenteres skriftlig og innen meldefristen. Egenkapital basert p\u00e5 salg av egen bolig m\u00e5 dokumenteres med mellomfinansiering. Oppgj\u00f8r\n                      av kj\u00f8pesummen skjer gjennom den eiendomsmegleren som har hatt salget. Styret i borettslaget har iht. lov om borettslag \u00a74-21 anledning til \u00e5 kreve bankgaranti. Man kan ikke kreve \u00e5 bruke forkj\u00f8psretten dersom finansiering ikke er\n                      dokumentert innen meldefristen.<\/p>\n                    <p>\n                      <br>\n                    <\/p>\n                    <h4><strong style=\"font-family: &quot;Playfair Display&quot;; font-weight: 700; color: rgb(153, 153, 153);\">N\u00e5r fristen er ute<\/strong><\/h4>\n                    <p>Dersom flere i borettslaget vil benytte forkj\u00f8psrett, blir normalt botiden\/ansiennitet i borettslaget avgj\u00f8rende.<\/p>\n                    <p>Det er to m\u00e5ter \u00e5 avklare forkj\u00f8psrett p\u00e5: <strong>Fastprisavklaring<\/strong> og <strong>forh\u00e5ndsavklaring<\/strong>.<\/p>\n                    <p>Ved <strong>forh\u00e5ndsavklaring<\/strong> kunngj\u00f8res boligen f\u00f8r den er solgt, og normalt med en prisantydning. Etter at bud er akseptert, avklares forkj\u00f8psretten ved at styret i borettslaget henvender seg til dem som har meldt forkj\u00f8psrett.\n                      Ved slik henvendelse m\u00e5 du straks, og med bindende virkning, ta stilling til om forkj\u00f8psrett gj\u00f8res gjeldende.<\/p>\n                    <p>Hvis det g\u00e5r mer enn 3 mnd f\u00f8r boligen blir solgt, evt. mindre enn 15 dager, vil boligen bli kunngjort for andelseiere p\u00e5 nytt og ny melding om forkj\u00f8psrett m\u00e5 sendes styret i borettslaget.<\/p>\n                    <p>Ved <strong>fastprisavklaring<\/strong> er boligen solgt f\u00f8r den kunngj\u00f8res for andelseiere. N\u00e5r boligen er kunngjort til fast pris, er rettidig melding om forkj\u00f8p forpliktende, dvs du plikter \u00e5 overta boligen hvis ingen med bedre ansiennitet\n                      enn deg har meldt seg innen meldefristen.&nbsp;<\/p>\n                    <p>Som forkj\u00f8psberettiget andelseier m\u00e5 du v\u00e6re klar til \u00e5 gi et raskt svar. Gj\u00f8r du bruk av forkj\u00f8psretten, trer du inn i allerede inng\u00e5tt avtale, og kj\u00f8per boligen til avtalt pris p\u00e5 avtalte vilk\u00e5r.<\/p>\n                    <p>I tillegg kommer et gebyr for avklaring av forkj\u00f8psrett.<\/p>\n                    <p><strong>S\u00f8rg for \u00e5 v\u00e6re tilgjengelig n\u00e5r meldefristen er utl\u00f8pt og forkj\u00f8psretten skal avklares.&nbsp;<\/strong><\/p>\n                    <p>\n                      <br>\n                    <\/p>\n                    <h4><strong style=\"font-family: &quot;Playfair Display&quot;; font-weight: 700; color: rgb(153, 153, 153);\">Salg av egen bolig<\/strong><\/h4>\n                    <p>Fysiske personer kan bare eie \u00e9n andel\/bolig i borettslag. V\u00e6r oppmerksom p\u00e5 at dersom du kj\u00f8per ny bolig eller benytter deg av forkj\u00f8psretten, mister du automatisk boretten til din n\u00e5v\u00e6rende leilighet. Det vil si at du er forpliktet\n                      til \u00e5 selge den. Den kan ikke overf\u00f8res til ektefelle, foreldre, barn etc etter unntaksreglene i borettslovgivningen.<\/p>\n                    <p><strong>Tips:<\/strong><\/p>\n                    <p><strong>1. Som andelseier m\u00e5 du selv avgj\u00f8re om du \u00f8nsker \u00e5 delta i budrunden. Bud sendes eiendomsmegleren. Melding om forkj\u00f8psrett sendes styret i borettslaget!<\/strong><\/p>\n                    <p><strong>2. Ha finansiering ordnet f\u00f8r du legger inn meldingen.\ufeff<\/strong><\/p>\n                    <p>\n                      <br>\n                    <\/p>\n                  <\/div>\n                <\/div>\n              <\/div>\n            <\/div>\n          <\/div>\n        <\/div>\n      <\/div>\n    <\/div>\n  <\/div>\n<\/div>","protected":false},"excerpt":{"rendered":"<p>Hvordan virker forkj\u00f8psretten Forkj\u00f8psretten er en fordel for andelseiere i borettslaget. For hver enkelt bolig blir det fastsatt en egen frist for \u00e5 melde bruk av forkj\u00f8psretten (meldefrist). Meldefristen vil v\u00e6re minst 5 virkedager etter at boligen er kunngjort ved oppslag i oppgangene eller annen annonsering. Meldingen skal sendes til styret i borettslaget. Hvis styret [&hellip;]<\/p>\n","protected":false},"author":1,"featured_media":0,"parent":48,"menu_order":8,"comment_status":"closed","ping_status":"closed","template":"page-templates\/full-width-page.php","meta":{"ngg_post_thumbnail":0,"jetpack_post_was_ever_published":false,"footnotes":""},"jetpack_sharing_enabled":true,"jetpack_shortlink":"https:\/\/wp.me\/PcD7gH-bz","_links":{"self":[{"href":"https:\/\/hannestadterrasse.no\/index.php?rest_route=\/wp\/v2\/pages\/717"}],"collection":[{"href":"https:\/\/hannestadterrasse.no\/index.php?rest_route=\/wp\/v2\/pages"}],"about":[{"href":"https:\/\/hannestadterrasse.no\/index.php?rest_route=\/wp\/v2\/types\/page"}],"author":[{"embeddable":true,"href":"https:\/\/hannestadterrasse.no\/index.php?rest_route=\/wp\/v2\/users\/1"}],"replies":[{"embeddable":true,"href":"https:\/\/hannestadterrasse.no\/index.php?rest_route=%2Fwp%2Fv2%2Fcomments&post=717"}],"version-history":[{"count":20,"href":"https:\/\/hannestadterrasse.no\/index.php?rest_route=\/wp\/v2\/pages\/717\/revisions"}],"predecessor-version":[{"id":4913,"href":"https:\/\/hannestadterrasse.no\/index.php?rest_route=\/wp\/v2\/pages\/717\/revisions\/4913"}],"up":[{"embeddable":true,"href":"https:\/\/hannestadterrasse.no\/index.php?rest_route=\/wp\/v2\/pages\/48"}],"wp:attachment":[{"href":"https:\/\/hannestadterrasse.no\/index.php?rest_route=%2Fwp%2Fv2%2Fmedia&parent=717"}],"curies":[{"name":"wp","href":"https:\/\/api.w.org\/{rel}","templated":true}]}}