{"id":73,"date":"2014-08-13T13:42:43","date_gmt":"2014-08-13T11:42:43","guid":{"rendered":"http:\/\/hannestadterrasse.no.datasenter.no\/info\/?page_id=73"},"modified":"2026-02-25T11:48:28","modified_gmt":"2026-02-25T10:48:28","slug":"andelseiers-vedlikehold","status":"publish","type":"page","link":"https:\/\/hannestadterrasse.no\/?page_id=73","title":{"rendered":"Andelseiers vedlikeholdsansvar"},"content":{"rendered":"<div data-colibri-id=\"73-c1\" class=\"style-524 style-local-73-c1 position-relative\">\n  <!---->\n  <div data-colibri-component=\"section\" data-colibri-id=\"73-c2\" id=\"custom\" class=\"h-section h-section-global-spacing d-flex align-items-lg-center align-items-md-center align-items-center style-529 style-local-73-c2 position-relative\">\n    <!---->\n    <!---->\n    <div class=\"h-section-grid-container h-section-boxed-container\">\n      <!---->\n      <div data-colibri-id=\"73-c3\" class=\"h-row-container gutters-row-lg-2 gutters-row-md-2 gutters-row-0 gutters-row-v-lg-2 gutters-row-v-md-2 gutters-row-v-2 style-530 style-local-73-c3 position-relative\">\n        <!---->\n        <div class=\"h-row justify-content-lg-center justify-content-md-center justify-content-center align-items-lg-stretch align-items-md-stretch align-items-stretch gutters-col-lg-2 gutters-col-md-2 gutters-col-0 gutters-col-v-lg-2 gutters-col-v-md-2 gutters-col-v-2\">\n          <!---->\n          <div class=\"h-column h-column-container d-flex h-col-lg-auto h-col-md-auto h-col-auto style-531-outer style-local-73-c4-outer\">\n            <div data-colibri-id=\"73-c4\" class=\"d-flex h-flex-basis h-column__inner h-px-lg-2 h-px-md-2 h-px-2 v-inner-lg-2 v-inner-md-2 v-inner-2 style-531 style-local-73-c4 position-relative\">\n              <!---->\n              <!---->\n              <div class=\"w-100 h-y-container h-column__content h-column__v-align flex-basis-100 align-self-lg-start align-self-md-start align-self-start\">\n                <!---->\n                <div data-colibri-id=\"73-c5\" class=\"d-block style-532 style-local-73-c5 position-relative h-element\">\n                  <!---->\n                  <div class=\"h-image__frame-container-outer\">\n                    <div class=\"h-image__frame-container\">\n                      <!---->\n                      <!---->\n                      <img loading=\"lazy\" decoding=\"async\" width=\"2653\" height=\"2500\" src=\"http:\/\/hannestadterrasse.no.datasenter.no\/info\/wp-content\/uploads\/2014\/08\/cropped-Vedlikeholdsansvar-V2_Side_2.jpg\" class=\"wp-image-3391 style-532-image style-local-73-c5-image\" alt=\"\" srcset=\"https:\/\/hannestadterrasse.no\/wp-content\/uploads\/2014\/08\/cropped-Vedlikeholdsansvar-V2_Side_2.jpg 2653w, https:\/\/hannestadterrasse.no\/wp-content\/uploads\/2014\/08\/cropped-Vedlikeholdsansvar-V2_Side_2-300x283.jpg 300w, https:\/\/hannestadterrasse.no\/wp-content\/uploads\/2014\/08\/cropped-Vedlikeholdsansvar-V2_Side_2-768x724.jpg 768w, https:\/\/hannestadterrasse.no\/wp-content\/uploads\/2014\/08\/cropped-Vedlikeholdsansvar-V2_Side_2-1024x965.jpg 1024w, https:\/\/hannestadterrasse.no\/wp-content\/uploads\/2014\/08\/cropped-Vedlikeholdsansvar-V2_Side_2-800x754.jpg 800w, https:\/\/hannestadterrasse.no\/wp-content\/uploads\/2014\/08\/cropped-Vedlikeholdsansvar-V2_Side_2-1200x1131.jpg 1200w\" sizes=\"(max-width: 2653px) 100vw, 2653px\" \/>\n                      <div class=\"h-image__frame h-hide-lg h-hide-md h-hide-sm style-532-frameImage style-local-73-c5-frameImage\"><\/div>\n                    <\/div>\n                  <\/div>\n                <\/div>\n              <\/div>\n            <\/div>\n          <\/div>\n        <\/div>\n      <\/div>\n    <\/div>\n  <\/div>\n  <div data-colibri-component=\"section\" data-colibri-id=\"73-c6\" id=\"custom-3\" class=\"h-section h-section-global-spacing d-flex align-items-lg-center align-items-md-center align-items-center style-537 style-local-73-c6 position-relative\">\n    <!---->\n    <!---->\n    <div class=\"h-separator\" style=\"height: 100px; bottom: calc(0px);\">\n      <svg style=\"fill:rgb(2, 82, 149);\" xmlns=\"http:\/\/www.w3.org\/2000\/svg\" viewBox=\"0 0 1000 100\" preserveAspectRatio=\"none\">\n        <path class=\"svg-white-bg\" d=\"M737.9,94.7L0,0v100h1000V0L737.9,94.7z\"><\/path>\n      <\/svg>\n    <\/div>\n    <div class=\"h-section-grid-container h-section-boxed-container\">\n      <!---->\n      <div data-colibri-id=\"73-c7\" class=\"h-row-container gutters-row-lg-2 gutters-row-md-2 gutters-row-0 gutters-row-v-lg-2 gutters-row-v-md-2 gutters-row-v-2 style-538 style-local-73-c7 position-relative\">\n        <!---->\n        <div class=\"h-row justify-content-lg-center justify-content-md-center justify-content-center align-items-lg-stretch align-items-md-stretch align-items-stretch gutters-col-lg-2 gutters-col-md-2 gutters-col-0 gutters-col-v-lg-2 gutters-col-v-md-2 gutters-col-v-2\">\n          <!---->\n          <div class=\"h-column h-column-container d-flex h-col-lg-auto h-col-md-auto h-col-auto style-539-outer style-local-73-c8-outer\">\n            <div data-colibri-id=\"73-c8\" class=\"d-flex h-flex-basis h-column__inner h-px-lg-2 h-px-md-2 h-px-2 v-inner-lg-2 v-inner-md-2 v-inner-2 style-539 style-local-73-c8 position-relative\">\n              <!---->\n              <!---->\n              <div class=\"w-100 h-y-container h-column__content h-column__v-align flex-basis-100 align-self-lg-start align-self-md-start align-self-start\">\n                <!---->\n                <div data-colibri-id=\"73-c9\" class=\"h-text h-text-component style-540 style-local-73-c9 position-relative h-element\">\n                  <!---->\n                  <!---->\n                  <div class=\"\">\n                    <h4><span style=\"font-family: &quot;Playfair Display&quot;; color: rgb(153, 153, 153);\">Hva er andelseiers vedlikeholdsomr\u00e5de <\/span>\n                      <a href=\"https:\/\/hannestadterrasse.no?page_id=32\" target=\"_self\" style=\"font-family: &quot;Playfair Display&quot;; color: rgb(0, 51, 204);\" rel=\"noopener\">(vedtekter \u00a75-1)<\/a>\n                    <\/h4>\n                    <p><span style=\"color: rgb(153, 153, 153); font-family: &quot;Open Sans&quot;, serif; font-size: 12pt;\">(1) Den enkelte andelseier skal holde boligen, og andre rom og annet areal som h\u00f8rer boligen til, i forsvarlig stand og vedlikeholde slikt som d\u00f8rer og vinduer innvendig, r\u00f8r, kraner, sikringsskap fra og med f\u00f8rste hovedsikring\/inntakssikring, elektriske ledninger med tilbeh\u00f8r, varmekabler, l\u00e5ser, n\u00f8kler, inventar, innvendige flater (tak, vegger og gulv), overflatevedlikehold av balkonger\/terrasser, sanit\u00e6rutstyr inklusive vannklosett, vasker, installasjoner (slik som oppvaskmaskiner\/ vaskemaskiner), brannslukkingsutstyr. V\u00e5trom m\u00e5 brukes og vedlikeholdes slik at lekkasjer unng\u00e5s.<\/span><\/p>\n                    <p><span style=\"color: rgb(153, 153, 153); font-family: &quot;Open Sans&quot;, serif; font-size: 12pt;\">(2) Vedlikeholdet omfatter ogs\u00e5 n\u00f8dvendige reparasjoner og utskiftning av slikt som r\u00f8r, kraner, sikringsskap fra og med f\u00f8rste hovedsikring\/inntakssikring, elektriske ledninger med tilbeh\u00f8r, varmekabler, l\u00e5ser, n\u00f8kler, inventar, sanit\u00e6rutstyr inklusive slikt som vannklosett, vasker, installasjoner (slik som oppvaskmaskiner \/vaskemaskiner), brannslukkingsutstyr, tapet, gulvbelegg, vegg, gulv- og himlingsplater, skillevegger, listverk, skap, benker og innvendige d\u00f8rer med karmer.<\/span><\/p>\n                    <p><span style=\"color: rgb(153, 153, 153); font-family: &quot;Open Sans&quot;, serif; font-size: 12pt;\">(3)&nbsp;<\/span><span style=\"color: red; font-family: &quot;Open Sans&quot;, serif; font-size: 12pt;\">Andelseier har ogs\u00e5 ansvaret for oppstaking og rensing av innvendige avl\u00f8psledninger b\u00e5de til og fra egen vannl\u00e5s\/sluk og fram til borettslagets felles-\/hovedledning.<\/span>\n                      <span\n                        style=\"color: rgb(153, 153, 153); font-family: &quot;Open Sans&quot;, serif; font-size: 12pt;\">&nbsp;Andelseier skal ogs\u00e5 rense eventuelle sluk p\u00e5 verandaer, balkonger og lignende.<\/span>\n                    <\/p>\n                    <p><span style=\"color: rgb(153, 153, 153); font-family: &quot;Open Sans&quot;, serif; font-size: 12pt;\">(4) Andelseier er selv ansvarlig for at installasjon og oppbevaring av brann- og eksplosjonsfarlige stoffer skjer i betryggende former og i henhold til gjeldende lover og forskrifter.<\/span><\/p>\n                    <p><span style=\"color: rgb(153, 153, 153); font-family: &quot;Open Sans&quot;, serif; font-size: 12pt;\">(5) Andelseier skal holde boligen fri for insekter og skadedyr. Ved mistanke om innsekter og skadedyr plikter andelseier straks \u00e5 melde fra skriftlig til borettslaget.<\/span><\/p>\n                    <p><span style=\"color: rgb(153, 153, 153); font-family: &quot;Open Sans&quot;, serif; font-size: 12pt;\">(6) Vedlikeholdsplikten omfatter ogs\u00e5 utbedring av tilfeldig skade.<\/span><\/p>\n                    <p><span style=\"color: rgb(153, 153, 153); font-family: &quot;Open Sans&quot;, serif; font-size: 12pt;\">(7) Egenandel etter forsikringsskade som har sin opprinnelse innenfor andelseiers bruksenhet eller i utstyr som ligger under andelseiers vedlikeholdsplikt, jfr. 5-1, pliktes dekket av andelseier.<\/span><\/p>\n                    <p><span style=\"color: rgb(153, 153, 153); font-family: &quot;Open Sans&quot;, serif; font-size: 12pt;\">(8) Oppdager andelseier skade i boligen som borettslaget er ansvarlig for \u00e5 utbedre, plikter andelseier straks \u00e5 melde fra skriftlig til borettslaget.<\/span><\/p>\n                    <p><span style=\"color: rgb(153, 153, 153); font-family: &quot;Open Sans&quot;, serif; font-size: 12pt;\">(9) Ny eier av andelen har plikt til \u00e5 utf\u00f8re vedlikehold medregnet reparasjon og utskifting i boligen selv om det skulle ha v\u00e6rt utf\u00f8rt av den forrige andelseieren.<\/span><\/p>\n                    <p>\n                      <br>\n                    <\/p>\n                    <p>\n                      <br>\n                    <\/p>\n                    <h4><strong style=\"font-family: &quot;Playfair Display&quot;; color: rgb(153, 153, 153);\">Viktig informasjon om elsikkerhet og vedlikeholdsansvar<\/strong><\/h4>\n                    <p>Sikringsskapene i borettslaget ble oppgradert i 2024. For at de skal beskytte boligen din optimalt, m\u00e5 du selv utf\u00f8re enkelt vedlikehold 4 ganger i \u00e5ret.\n                      <br>Hvorfor gj\u00f8r vi dette? Testen hindrer at mekanismen &laquo;stivner&raquo; og sikrer at den fungerer som den skal ved feil. Dette er en viktig del av HMS-ansvaret som beboer.<\/p>\n                    <p>\n                      <a href=\"https:\/\/hannestadterrasse.no\/wp-content\/uploads\/2026\/02\/jordfeilautomat.pdf\" target=\"_blank\" rel=\"noopener\">Slik sjekker du jordfeilautomatene.<\/a>\n                    <\/p>\n                    <p>\n                      <br>\n                    <\/p>\n                    <h4><strong style=\"color: rgb(153, 153, 153); font-family: &quot;Playfair Display&quot;;\">Hovedstoppekran<\/strong><\/h4>\n                    <p>Plasseringen av hovedstoppekranen varierer i leilighetene, men den befinner seg som oftest i kj\u00f8kkenbenken. I noen tilfeller er den plassert p\u00e5 badet i r\u00f8rkassen. Det er viktig \u00e5 v\u00e6re oppmerksom p\u00e5 hvor hovedstoppekranen befinner seg\n                      i tilfelle en lekkasje oppst\u00e5r. Hvis du oppdager tegn p\u00e5 fuktskade i tak eller vegger, b\u00f8r du umiddelbart kontakte daglig leder.<\/p>\n                    <p>\n                      <br>\n                    <\/p>\n                    <h4><strong style=\"color: rgb(153, 153, 153); font-family: &quot;Playfair Display&quot;;\">Avl\u00f8pssystem<\/strong><\/h4>\n                    <p>Over tid vil avl\u00f8psr\u00f8r gro igjen hvis&nbsp;forebyggende vedlikehold ikke blir utf\u00f8rt. Vedlikehold av avl\u00f8psr\u00f8r&nbsp;tilh\u00f8rende andelseiers&nbsp;leilighet og kostnaden ved dette er andelseiers ansvar. Rens sluket p\u00e5 badet jevnlig for\n                      h\u00e5r og s\u00e5perester.&nbsp;Ikke hell stekefett i utslagsvasken, men la det kj\u00f8lne og skrap det av i s\u00f8ppelen.&nbsp;Det er ogs\u00e5&nbsp;anbefalt \u00e5 bruke \u00abR\u00f8rleggerens avl\u00f8ps\u00e5pner\u00bb (eller lignende) til&nbsp;forebyggende vedlikehold. Dette&nbsp;kan\n                      kj\u00f8pes&nbsp;hos et r\u00f8rleggerfirma.&nbsp;Plumbo i pulverversjon er ikke anbefalt!<\/p>\n                    <p>Ved tette avl\u00f8p, kan stakeb\u00e5nd l\u00e5nes av borettslaget. Det anbefales likevel h\u00f8ytrykkspyling eller soilrens av avl\u00f8psr\u00f8r da staking kun er en midlertidig l\u00f8sning. Kostnaden ved dette m\u00e5 dekkes av andelseier og&nbsp;kan bestilles fra\n                      Stig Henriksen ved \u00ab\n                      <a href=\"http:\/\/hoytrykkspyling.no\" rel=\"noopener\" target=\"_blank\" style=\"color: rgb(0, 102, 204);\" class=\"customize-unpreviewable\">H\u00f8ytrykk og vedlikeholdservice<\/a>\u00bb p\u00e5 tlf 913 03880.<\/p>\n                    <p>&#8211; Pris for h\u00f8ytrykkspyling av avl\u00f8psr\u00f8r innenfor ordin\u00e6r arbeidstid:&nbsp;&nbsp;<strong>kr 4.000,-<\/strong><\/p>\n                    <p>&#8211; Tillegg for utrykning utenom ordin\u00e6r arbeidstid:&nbsp;<strong>kr 2.625,-&nbsp;<\/strong>(2 timer inkludert) Prisene er inkl. mva. pr apr. 2025.<strong>\ufeff<\/strong><\/p>\n                    <p><strong>\ufeff<\/strong><\/p>\n                    <p>\n                      <br>\n                    <\/p>\n                    <h4><strong style=\"color: rgb(153, 153, 153); font-family: &quot;Playfair Display&quot;;\">Nedl\u00f8psr\u00f8r p\u00e5 terrasse<\/strong><\/h4>\n                    <p>Det er andelseiers ansvar \u00e5 s\u00f8rge for at nedl\u00f8psr\u00f8r p\u00e5 terrassen ikke tetner. Borettslaget har stakeb\u00e5nd som kan l\u00e5nes, men man kan ogs\u00e5 fors\u00f8ke \u00e5 fjerne blokkeringen med en vannslange med h\u00f8yt trykk rett i r\u00f8ret. Daglig leder er tilgjengelig\n                      for hjelp dersom det er n\u00f8dvendig.<\/p>\n                    <p>\n                      <br>\n                    <\/p>\n                    <h4><strong style=\"color: rgb(153, 153, 153); font-family: &quot;Playfair Display&quot;;\">Overl\u00f8pshull p\u00e5 terrasse<\/strong><\/h4>\n                    <p>Det er viktig at overl\u00f8pshullet ved vannrennen under terrassekassen ikke blir tettet. Dette hullet er montert med en halvm\u00e5ne for \u00e5 hindre vannlekkasje til underliggende terrasser, samt minimerer risikoen for vannskade for\u00e5rsaket av\n                      eventuelle tette nedl\u00f8psr\u00f8r.<\/p>\n                    <p>Last ned:&nbsp;\n                      <a href=\"https:\/\/hannestadterrasse.no\/wp-content\/uploads\/2014\/08\/Vedlikeholdsansvar-V2.pdf\" class=\"customize-unpreviewable\">Andelseier og borettslagets vedlikeholdsansvar<\/a>\n                    <\/p>\n                    <p><strong>&nbsp;<\/strong><\/p>\n                    <h3><strong style=\"font-family: &quot;Playfair Display&quot;; font-size: 81%; color: rgb(153, 153, 153);\">Beis og maling<\/strong><\/h3>\n                    <p>Hvis man selv \u00f8nsker \u00e5 flikke p\u00e5 omr\u00e5der hvor maling flasser av eller lignende kan man f\u00e5 maling fra borettslaget. Det gjelder betong tak, vegger og terrassekasser, samt treverk p\u00e5 vegg.<\/p>\n                    <p>Borettslaget har delt ut beis til alle utsider p\u00e5 bord under terrassekassene. Videre har alle beboere f\u00e5tt tilbud om \u00e5 kj\u00f8pe beis til innsiden av disse bordene. Borettslaget selger ikke lenger denne typen beis, men den kan kj\u00f8pes i\n                      alle fargehandlere. Fargekoden er&nbsp;2005G80Y. P\u00e5 ubehandlede bord b\u00f8r man f\u00f8rst p\u00e5f\u00f8re ett str\u00f8k grunnbeis og deretter to str\u00f8k oljedekkbeis. (Event. ett str\u00f8k grunnbeis tilsatt farge og ett str\u00f8k dekkbeis.)<\/p>\n                    <p>Borettslaget vil p\u00e5ta seg \u00e5 beise og male vegger og tak, samt terrassekasser p\u00e5 fastsatt intervall. Hvis man selv \u00f8nsker \u00e5 beise oftere, skal man benytte f\u00f8lgende produkter :<\/p>\n                    <p>&nbsp;<\/p>\n                    <p>Gr\u00e5 rundt vinduer S5000-N Fl\u00fcgger Wood Tex 3. Uteakrylat<\/p>\n                    <p><span style=\"color: rgb(153, 153, 153); font-family: &quot;Open Sans&quot;; font-size: 16px; font-weight: 400;\">Gr\u00e5 p\u00e5 kledning S2002-Y Fl\u00fcgger Wood Tex 3. Uteakrylat<\/span><\/p>\n                    <p>Hvit p\u00e5 selve vinduskarmene 0502 Eggehvit Oljedekkbeis<\/p>\n                    <p>Malingen kan kj\u00f8pes p\u00e5 Flugger.<\/p>\n                    <p>Her igjen m\u00e5 vi advare mot \u00e5 velge andre produkter fordi det kan medf\u00f8re problemer senere.<\/p>\n                    <p><strong style=\"color: rgb(239, 46, 46); font-weight: 600;\">Betongen m\u00e5 aldri males med annen maling enn den man f\u00e5r fra borettslaget.<\/strong><\/p>\n                    <p>&nbsp;<\/p>\n                    <p>&nbsp;<\/p>\n                    <h3><strong style=\"font-family: &quot;Playfair Display&quot;; font-size: 81%; color: rgb(153, 153, 153);\">Terrassegulv<\/strong><\/h3>\n                    <h4><strong style=\"color: rgb(153, 153, 153); font-family: &quot;Playfair Display&quot;;\">Vedlikehold\/reparasjon Sikafloor 360\/363<\/strong><strong>&nbsp;<\/strong><\/h4>\n                    <p>P\u00e5 terrassegulvene er det f\u00f8rst p\u00e5f\u00f8rt et str\u00f8k primer, deretter et str\u00f8k sikafloor 360 (belegg) og s\u00e5 et str\u00f8k Sikafloor 363 (topplakk.) Hvis man er uheldig og for\u00e5rsaker skader i belegget b\u00f8r disse utbedres for \u00e5 unng\u00e5 vanninntregning\n                      i betongen. Skader i topplakken er kun av estetisk betydning, mens skader som g\u00e5r tvers igjennom m\u00e5 utbedres. Hvis du er i tvil om hvilken type skade du har og hva du b\u00f8r gj\u00f8re med den, b\u00f8r du kontakte borettslaget. Hvis man selv\n                      for\u00e5rsaker skader i sitt gulvbelegg eller \u00f8nsker \u00e5 legge fliser er der viktig at f\u00f8lgende fremgangsm\u00e5te og produkter benyttes. Hvis man ikke gj\u00f8r det kan man risikere at garantien p\u00e5 gulvet opph\u00f8rer og man kan bli holdt ansvarlig\n                      for fuktighet i tak i underliggende leilighet.<\/p>\n                    <p>\n                      <br>\n                    <\/p>\n                    <h4><strong style=\"font-family: &quot;Playfair Display&quot;; color: rgb(153, 153, 153);\">Utbedring av skader<\/strong><\/h4>\n                    <p>Fjerning av gammelt l\u00f8st belegg. Rengj\u00f8ring\/avfetting og aktivering av s\u00e5rflaten med Colma Rensev\u00e6ske. Eventuelt gjenv\u00e6rende primer mattslipes. Skadene primes med Sikafloor 156. P\u00e5f\u00f8res kun p\u00e5 skadene og ikke p\u00e5 eksisterende belegg.\n                      Skader fylles med Sikafloor 355 slik at overflaten flukter med eksisterende belegg. Flekkmales med Sikafloor 357 N. \u00d8nskes hele gulvet malt etter utf\u00f8rt reparasjon f\u00f8lges anvisninger i punkt 2.<\/p>\n                    <p>Man kan ogs\u00e5 reparere sm\u00e5 skader ved \u00e5 p\u00e5f\u00f8re Sikafloor 400 med en liten pensel. Overflater som skal males\/p\u00e5f\u00f8ring av et oppfriskningsstr\u00f8k.<\/p>\n                    <p>Rengj\u00f8ring av overflaten med fortynnet Sika pH 14. Deretter avfettes og aktiveres overflaten med Colma Rensev\u00e6ske. Umiddelbart etter at Colma Rensev\u00e6ske har fordunstet fra overflaten males 1 str\u00f8k med Sikafloor 357 N.<\/p>\n                    <p>\n                      <br>\n                    <\/p>\n                    <h4><strong style=\"font-family: &quot;Playfair Display&quot;; color: rgb(153, 153, 153);\">Overflater som skal fliselegges<\/strong><\/h4>\n                    <p>Rengj\u00f8ring av overflaten med fortynnet Sika pH 14. Eventuelle skader utbedres med Sikadur 31. Deretter avfettes og aktiveres overflaten med Colma Rensev\u00e6ske. Umiddelbart etter at Colma Rensev\u00e6ske har fordunstet fra overflaten males\n                      1 str\u00f8k med Sikafloor 400. Forbruk ca. 0,5 \u2013 0,7 kg\/m2.Det legges deretter 1 str\u00f8k til og dette avstr\u00f8es umiddelbart med kvartssand 0,7 \u2013 1,2 mm til metning. Overskuddssand fjernes f\u00f8r legging av fliser.Flislim for utvendig bruk.\n                      NB!! flislim m\u00e5 ikke inneholde l\u00f8semidler. Man kan beregne at materialkostnadene p\u00e5l\u00f8per seg til ca 140 kr. pr. kvm.Sikafloor 400 og andre Sika produkter kan kj\u00f8pes p\u00e5 de fleste byggvarehus, f.eks hos Slorer.<\/p>\n                    <p>\n                      <br>\n                    <\/p>\n                    <p>\n                      <a href=\"https:\/\/hannestadterrasse.no\/wp-content\/uploads\/2014\/08\/vinduer1.jpg\" class=\"customize-unpreviewable\">Vedlikeholdsveiledning vinduer.<\/a>\n                    <\/p>\n                    <p>\n                      <a href=\"https:\/\/hannestadterrasse.no\/wp-content\/uploads\/2014\/08\/vinduer2.jpg\" style=\"color: rgb(0, 102, 204);\" class=\"customize-unpreviewable\">Bruksanvisning vinduer.<\/a>\n                    <\/p>\n                    <p>\n                      <a href=\"https:\/\/hannestadterrasse.no\/wp-content\/uploads\/2014\/08\/d%C3%B8rtelefoni.jpg\" style=\"color: rgb(0, 102, 204);\" class=\"customize-unpreviewable\">Bruksanvisning d\u00f8rtelefoni\ufeff<\/a>\n                    <\/p>\n                    <p>\n                      <br>\n                    <\/p>\n                  <\/div>\n                <\/div>\n              <\/div>\n            <\/div>\n          <\/div>\n        <\/div>\n      <\/div>\n    <\/div>\n  <\/div>\n<\/div>","protected":false},"excerpt":{"rendered":"<p>Hva er andelseiers vedlikeholdsomr\u00e5de (vedtekter \u00a75-1) (1) Den enkelte andelseier skal holde boligen, og andre rom og annet areal som h\u00f8rer boligen til, i forsvarlig stand og vedlikeholde slikt som d\u00f8rer og vinduer innvendig, r\u00f8r, kraner, sikringsskap fra og med f\u00f8rste hovedsikring\/inntakssikring, elektriske ledninger med tilbeh\u00f8r, varmekabler, l\u00e5ser, n\u00f8kler, inventar, innvendige flater (tak, vegger og [&hellip;]<\/p>\n","protected":false},"author":1,"featured_media":0,"parent":48,"menu_order":4,"comment_status":"closed","ping_status":"closed","template":"page-templates\/full-width-page.php","meta":{"ngg_post_thumbnail":0,"jetpack_post_was_ever_published":false,"footnotes":""},"jetpack_sharing_enabled":true,"jetpack_shortlink":"https:\/\/wp.me\/PcD7gH-1b","_links":{"self":[{"href":"https:\/\/hannestadterrasse.no\/index.php?rest_route=\/wp\/v2\/pages\/73"}],"collection":[{"href":"https:\/\/hannestadterrasse.no\/index.php?rest_route=\/wp\/v2\/pages"}],"about":[{"href":"https:\/\/hannestadterrasse.no\/index.php?rest_route=\/wp\/v2\/types\/page"}],"author":[{"embeddable":true,"href":"https:\/\/hannestadterrasse.no\/index.php?rest_route=\/wp\/v2\/users\/1"}],"replies":[{"embeddable":true,"href":"https:\/\/hannestadterrasse.no\/index.php?rest_route=%2Fwp%2Fv2%2Fcomments&post=73"}],"version-history":[{"count":21,"href":"https:\/\/hannestadterrasse.no\/index.php?rest_route=\/wp\/v2\/pages\/73\/revisions"}],"predecessor-version":[{"id":12009,"href":"https:\/\/hannestadterrasse.no\/index.php?rest_route=\/wp\/v2\/pages\/73\/revisions\/12009"}],"up":[{"embeddable":true,"href":"https:\/\/hannestadterrasse.no\/index.php?rest_route=\/wp\/v2\/pages\/48"}],"wp:attachment":[{"href":"https:\/\/hannestadterrasse.no\/index.php?rest_route=%2Fwp%2Fv2%2Fmedia&parent=73"}],"curies":[{"name":"wp","href":"https:\/\/api.w.org\/{rel}","templated":true}]}}