{"id":9643,"date":"2023-03-28T10:18:52","date_gmt":"2023-03-28T08:18:52","guid":{"rendered":"https:\/\/hannestadterrasse.no\/?page_id=9643"},"modified":"2025-04-09T13:05:46","modified_gmt":"2025-04-09T11:05:46","slug":"brannvarsling","status":"publish","type":"page","link":"https:\/\/hannestadterrasse.no\/?page_id=9643","title":{"rendered":"Brannvarsling"},"content":{"rendered":"<div data-colibri-id=\"9643-c1\" class=\"style-1036 style-local-9643-c1 position-relative\">\n  <!---->\n  <div data-colibri-component=\"section\" data-colibri-id=\"9643-c2\" id=\"custom\" class=\"h-section h-section-global-spacing d-flex align-items-lg-center align-items-md-center align-items-center style-1037 style-local-9643-c2 position-relative\">\n    <!---->\n    <!---->\n    <div class=\"h-section-grid-container h-section-boxed-container\">\n      <!---->\n      <div data-colibri-id=\"9643-c3\" class=\"h-row-container gutters-row-lg-2 gutters-row-md-2 gutters-row-0 gutters-row-v-lg-2 gutters-row-v-md-2 gutters-row-v-2 style-1050 style-local-9643-c3 position-relative\">\n        <!---->\n        <div class=\"h-row justify-content-lg-center justify-content-md-center justify-content-center align-items-lg-stretch align-items-md-stretch align-items-stretch gutters-col-lg-2 gutters-col-md-2 gutters-col-0 gutters-col-v-lg-2 gutters-col-v-md-2 gutters-col-v-2\">\n          <!---->\n          <div class=\"h-column h-column-container d-flex h-col-lg-auto h-col-md-auto h-col-auto style-1051-outer style-local-9643-c4-outer\">\n            <div data-colibri-id=\"9643-c4\" class=\"d-flex h-flex-basis h-column__inner h-px-lg-2 h-px-md-2 h-px-2 v-inner-lg-2 v-inner-md-2 v-inner-2 style-1051 style-local-9643-c4 position-relative\">\n              <!---->\n              <!---->\n              <div class=\"w-100 h-y-container h-column__content h-column__v-align flex-basis-100 align-self-lg-start align-self-md-start align-self-start\">\n                <!---->\n                <div data-colibri-id=\"9643-c5\" class=\"h-text h-text-component style-1053 style-local-9643-c5 position-relative h-element\">\n                  <!---->\n                  <!---->\n                  <div class=\"\">\n                    <p>Hannestad Terrasse og Sfty AS inngikk i 2023 en avtale om installasjon av felles brannvarsling i samtlige fellesomr\u00e5der i borettslaget. Dette tiltaket har blitt implementert med sikte p\u00e5 \u00e5 \u00f8ke tryggheten til samtlige beboere. Med dette\n                      systemet p\u00e5 plass vil det garanteres at samtlige beboere vil bli varslet ved brann i fellesomr\u00e5dene.\n                      <br>\n                    <\/p>\n                    <p>\n                      <br>\n                    <\/p>\n                    <h5>Styret tilbyr tilsvarende l\u00f8sning til alle andelseiere<\/h5>\n                    <h6>Mer om l\u00f8sningen<\/h6>\n                    <p>Med den nye smarte r\u00f8ykvarsleren f\u00e5r du en varsler som er seriekoblet med andre Sfty r\u00f8ykvarslere i din leilighet. Dersom flere beboere i oppgangen ogs\u00e5 velger en Sfty-l\u00f8sning, vil r\u00f8ykvarslerne i din leilighet kunne kommunisere med\n                      naboenes varsler. Dette vil sikre at du alltid blir varslet ved r\u00f8ykutvikling b\u00e5de i din egen leilighet og i naboleiligheten.<\/p>\n                    <p>Desto flere som velger en Sfty-l\u00f8sning, desto bedre vil dekningen og den kollektive beskyttelsen bli. Det er satt en forsinkelse for eskalerende alarmer i din leilighet og i naboleiligheter, slik at beboere har tid til \u00e5 h\u00e5ndtere situasjonen\n                      i sin egen leilighet f\u00f8r alarmen eskalerer til andre leiligheter i oppgangen. Ved r\u00f8ykutvikling i en leilighet vil systemet ogs\u00e5 varsle en FG-godkjent alarmstasjon, som vil fors\u00f8ke \u00e5 kontakte beboerne for \u00e5 avklare behovet for \u00e5\n                      varsle brannvesenet.<\/p>\n                    <p>I en reell brannsituasjon vil alle r\u00f8ykvarslere i brannsonen utl\u00f8se en sirene, og beboerne vil f\u00e5 varsling via Sfty-appen og\/eller SMS med tilh\u00f8rende evakueringsplan.<\/p>\n                  <\/div>\n                <\/div>\n              <\/div>\n            <\/div>\n          <\/div>\n        <\/div>\n      <\/div>\n      <div data-colibri-id=\"9643-c6\" class=\"h-row-container gutters-row-lg-2 gutters-row-md-2 gutters-row-0 gutters-row-v-lg-2 gutters-row-v-md-2 gutters-row-v-2 style-1057 style-local-9643-c6 position-relative\">\n        <!---->\n        <div class=\"h-row justify-content-lg-center justify-content-md-center justify-content-center align-items-lg-stretch align-items-md-stretch align-items-stretch gutters-col-lg-2 gutters-col-md-2 gutters-col-0 gutters-col-v-lg-2 gutters-col-v-md-2 gutters-col-v-2\">\n          <!---->\n          <div class=\"h-column h-column-container d-flex h-col-lg-auto h-col-md-auto h-col-auto style-1058-outer style-local-9643-c7-outer\">\n            <div data-colibri-id=\"9643-c7\" class=\"d-flex h-flex-basis h-column__inner h-px-lg-2 h-px-md-2 h-px-2 v-inner-lg-2 v-inner-md-2 v-inner-2 style-1058 style-local-9643-c7 position-relative\">\n              <!---->\n              <!---->\n              <div class=\"w-100 h-y-container h-column__content h-column__v-align flex-basis-100 align-self-lg-start align-self-md-start align-self-start\">\n                <!---->\n                <div data-colibri-id=\"9643-c8\" class=\"d-block style-1060 style-local-9643-c8 position-relative h-element\">\n                  <!---->\n                  <div class=\"h-image__frame-container-outer\">\n                    <div class=\"h-image__frame-container\">\n                      <!---->\n                      <!---->\n                      <img loading=\"lazy\" decoding=\"async\" width=\"1039\" height=\"409\" src=\"https:\/\/hannestadterrasse.no\/wp-content\/uploads\/2023\/03\/cropped-Image-001-1.jpg\" class=\"wp-image-9665 style-1060-image style-local-9643-c8-image\" alt=\"\" srcset=\"https:\/\/hannestadterrasse.no\/wp-content\/uploads\/2023\/03\/cropped-Image-001-1.jpg 1039w, https:\/\/hannestadterrasse.no\/wp-content\/uploads\/2023\/03\/cropped-Image-001-1-300x118.jpg 300w, https:\/\/hannestadterrasse.no\/wp-content\/uploads\/2023\/03\/cropped-Image-001-1-1024x403.jpg 1024w, https:\/\/hannestadterrasse.no\/wp-content\/uploads\/2023\/03\/cropped-Image-001-1-768x302.jpg 768w\" sizes=\"(max-width: 1039px) 100vw, 1039px\" \/>\n                      <div class=\"h-image__frame h-hide-lg h-hide-md h-hide-sm style-1060-frameImage style-local-9643-c8-frameImage\"><\/div>\n                    <\/div>\n                  <\/div>\n                <\/div>\n              <\/div>\n            <\/div>\n          <\/div>\n        <\/div>\n      <\/div>\n      <div data-colibri-id=\"9643-c9\" class=\"h-row-container gutters-row-lg-2 gutters-row-md-2 gutters-row-0 gutters-row-v-lg-2 gutters-row-v-md-2 gutters-row-v-2 style-1057 style-local-9643-c9 position-relative\">\n        <!---->\n        <div class=\"h-row justify-content-lg-center justify-content-md-center justify-content-center align-items-lg-stretch align-items-md-stretch align-items-stretch gutters-col-lg-2 gutters-col-md-2 gutters-col-0 gutters-col-v-lg-2 gutters-col-v-md-2 gutters-col-v-2\">\n          <!---->\n          <div class=\"h-column h-column-container d-flex h-col-lg-auto h-col-md-auto h-col-auto style-1058-outer style-local-9643-c10-outer\">\n            <div data-colibri-id=\"9643-c10\" class=\"d-flex h-flex-basis h-column__inner h-px-lg-2 h-px-md-2 h-px-2 v-inner-lg-2 v-inner-md-2 v-inner-2 style-1058 style-local-9643-c10 position-relative\">\n              <!---->\n              <!---->\n              <div class=\"w-100 h-y-container h-column__content h-column__v-align flex-basis-100 align-self-lg-start align-self-md-start align-self-start\">\n                <!---->\n                <div data-colibri-id=\"9643-c11\" class=\"h-text h-text-component style-1061 style-local-9643-c11 position-relative h-element\">\n                  <!---->\n                  <!---->\n                  <div class=\"\">\n                    <h6>Hvordan bestille:<\/h6>\n                    <p>Bestill p\u00e5 epost til\n                      <a href=\"mailto:tormod@hannestadterrasse.no\" target=\"_blank\" rel=\"noopener\">tormod@hannestadterrasse.no<\/a>\n                      <br>1 stk, kr 1538,-\n                      <br>2 stk, kr 3076,-\n                      <br>3 stk, kr 4614,-<\/p>\n                    <p>Det anbefales 1 stk pr 60 kvm.\n                      <br>M\u00e5nedspris: kr 131,-<\/p>\n                    <p>Engangskostnaden skal betales direkte til Sfty, enten via Vipps eller at Sfty sender deg en faktura. Abonnementskostnaden administreres av borettslaget og legges til felleskostnadene.<\/p>\n                    <p>\n                      <br>\n                    <\/p>\n                    <h6>Hva f\u00e5r du:<\/h6>\n                    <p>\u2022 Det blir f\u00e6rre falske alarmer med alarmstasjon og smart eskalering (forsinkelsestid)<\/p>\n                    <p>\u2022 Du vil f\u00e5 informasjon og branninstruks p\u00e5 SMS og\/eller via Sfty App<\/p>\n                    <p>\u2022 Sl\u00e5 av og p\u00e5 innbruddsalarm (bevegelsesdetektor)<\/p>\n                    <p>\u2022 Se temperatur og luftfuktighet i leiligheten<\/p>\n                    <p>\u2022 Sette varsling for h\u00f8y\/lav temperatur eller luftfuktighet<\/p>\n                    <p>\u2022 Legge til andre som bor i din leilighet, familie, venner eller hjemmehjelp som b\u00f8r varsles ved en u\u00f8nsket situasjon hos deg.<\/p>\n                    <p>\u2022 Benytte de personlige trygghetstjenestene F\u00f8lg Meg og Hjelp Meg<\/p>\n                    <p>\u2022 Klistremerket til d\u00f8r\/vindu hvor det bekreftes at du er tilkoblet alarmsentral og med nabovarsling<\/p>\n                    <p>\n                      <br>\n                    <\/p>\n                    <p>Det er viktig for oss \u00e5 trygge alle beboere, og vi er helt overbevist at det nye kollektive brannvarslingssystemet vil ivareta sikkerhet for alle beboere p\u00e5 et helt nytt niv\u00e5 enn tradisjonelle enkeltst\u00e5ende r\u00f8ykvarslere og brannalarmsystem.<\/p>\n                    <p>Om du \u00f8nsker mer informasjon om denne l\u00f8sningen for felles brannvarsling enn det som her er presentert, kan du g\u00e5 inn p\u00e5 hjemmesiden til Sfty,\n                      <a href=\"http:\/\/www.sfty.no\">www.sfty.no<\/a>\n                    <\/p>\n                    <p>\n                      <br>\n                    <\/p>\n                  <\/div>\n                <\/div>\n              <\/div>\n            <\/div>\n          <\/div>\n        <\/div>\n      <\/div>\n    <\/div>\n  <\/div>\n<\/div>","protected":false},"excerpt":{"rendered":"<p>Hannestad Terrasse og Sfty AS inngikk i 2023 en avtale om installasjon av felles brannvarsling i samtlige fellesomr\u00e5der i borettslaget. Dette tiltaket har blitt implementert med sikte p\u00e5 \u00e5 \u00f8ke tryggheten til samtlige beboere. Med dette systemet p\u00e5 plass vil det garanteres at samtlige beboere vil bli varslet ved brann i fellesomr\u00e5dene. Styret tilbyr tilsvarende [&hellip;]<\/p>\n","protected":false},"author":1,"featured_media":0,"parent":0,"menu_order":0,"comment_status":"closed","ping_status":"closed","template":"page-templates\/full-width-page.php","meta":{"ngg_post_thumbnail":0,"jetpack_post_was_ever_published":false,"footnotes":""},"jetpack_sharing_enabled":true,"jetpack_shortlink":"https:\/\/wp.me\/PcD7gH-2vx","_links":{"self":[{"href":"https:\/\/hannestadterrasse.no\/index.php?rest_route=\/wp\/v2\/pages\/9643"}],"collection":[{"href":"https:\/\/hannestadterrasse.no\/index.php?rest_route=\/wp\/v2\/pages"}],"about":[{"href":"https:\/\/hannestadterrasse.no\/index.php?rest_route=\/wp\/v2\/types\/page"}],"author":[{"embeddable":true,"href":"https:\/\/hannestadterrasse.no\/index.php?rest_route=\/wp\/v2\/users\/1"}],"replies":[{"embeddable":true,"href":"https:\/\/hannestadterrasse.no\/index.php?rest_route=%2Fwp%2Fv2%2Fcomments&post=9643"}],"version-history":[{"count":6,"href":"https:\/\/hannestadterrasse.no\/index.php?rest_route=\/wp\/v2\/pages\/9643\/revisions"}],"predecessor-version":[{"id":11164,"href":"https:\/\/hannestadterrasse.no\/index.php?rest_route=\/wp\/v2\/pages\/9643\/revisions\/11164"}],"wp:attachment":[{"href":"https:\/\/hannestadterrasse.no\/index.php?rest_route=%2Fwp%2Fv2%2Fmedia&parent=9643"}],"curies":[{"name":"wp","href":"https:\/\/api.w.org\/{rel}","templated":true}]}}